{"id":802,"date":"2014-04-08T11:06:10","date_gmt":"2014-04-08T10:06:10","guid":{"rendered":"http:\/\/domainedetrestraou.com\/it\/la-region\/"},"modified":"2022-06-24T10:59:47","modified_gmt":"2022-06-24T09:59:47","slug":"la-region","status":"publish","type":"page","link":"https:\/\/domainedetrestraou.com\/it\/visita\/la-region\/","title":{"rendered":"La R\u00e9gion"},"content":{"rendered":"<p>En s\u00e9journant au Domaine de Trestraou, vous pourrez d\u00e9couvrir les <strong>incontournables\u00a0sites de Perros-Guirec<\/strong> :<\/p>\n<ul>\n<li>Les rochers de granit rose de <strong>Ploumanac\u2019h<\/strong> (sentier des douaniers GR34),<\/li>\n<li>Visite\u00a0de la r\u00e9serve ornithologique des <strong>7 \u00eeles<\/strong>,<\/li>\n<li>Ses diff\u00e9rents quartiers : le Port, Trestrignel,\u00a0le Centre-ville,\u00a0Trestraou, La Clart\u00e9,\u00a0Ploumanac&#8217;h.<\/li>\n<\/ul>\n<p>Les villes voisines :<\/p>\n<ul>\n<li>Pleumeur Bodou : Le <strong>Rad\u00f4me<\/strong> (1 des 2 premi\u00e8res antennes satellites au monde !) , Plan\u00e9tarium, mus\u00e9e des T\u00e9l\u00e9communications, Village Gaulois\u00a0authentique.<\/li>\n<li>A l&#8217;ouest : Tr\u00e9gastel, Ile Grande (Station\u00a0ornithologique Ligue de la Protection\u00a0pour les Oiseaux), Tr\u00e9beurden<\/li>\n<li>Villes m\u00e9di\u00e9vales\u00a0:\u00a0<strong>Tr\u00e9guier<\/strong>, <strong>Lannion, Guingamp, Dinan<\/strong><\/li>\n<\/ul>\n<p>De nombreux autres sites s\u2019\u00e9talent le long du littoral, de la baie de <strong>Morlaix<\/strong> (30 mn \u00e0 l&#8217;ouest) au port de <strong>Paimpol<\/strong> (30 mn \u00e0 l&#8217;est) :\u00a0<strong>Cairn de Barnenez, Fort du Taureau,\u00a0gouffre de Plougrescant,\u00a0sillon de Talbert, \u00eele de Br\u00e9hat<\/strong> etc.<\/p>\n<p>Selon vos pr\u00e9f\u00e9rences, nous pouvons vous proposer de d\u00e9couvrir cette partie de<strong> la Bretagne sous diff\u00e9rents\u00a0th\u00e8mes <\/strong>:<\/p>\n<ul>\n<li>Ch\u00e2teaux f\u00e9odaux et manoirs,<\/li>\n<li>Abbayes, \u00e9glises, chapelles, clo\u00eetres et enclos paroissiaux,<\/li>\n<li>Villes m\u00e9di\u00e9vales<\/li>\n<li>Sites m\u00e9galithiques,<\/li>\n<li>Sites naturels etc.<\/li>\n<\/ul>\n<p>La c\u00f4te tr\u00e8s\u00a0d\u00e9coup\u00e9e et l&#8217;arri\u00e8re-pays sont riches en diversit\u00e9.<\/p>\n<p>Ils sont\u00a0le rendez-vous des curieux, promeneurs et randonneurs qui s\u2019\u00e9parpillent sur les sentiers entre les plages,\u00a0les petits ports de p\u00eache et les landes.<\/p>\n<p>Des balades qui \u00e9merveillent, des balades qui cultivent, des balades bretonnes en somme\u00a0!<\/p>\n<p>Quelques liens pour en savoir plus :<\/p>\n<ul>\n<li><a href=\"http:\/\/www.perros-guirec.com\" target=\"_blank\" rel=\"noopener\">www.perros-guirec.com<\/a><\/li>\n<li><a href=\"http:\/\/www.cotedegranitrose.fr\" target=\"_blank\" rel=\"noopener\">www.cotedegranitrose.fr<\/a><\/li>\n<li><a href=\"https:\/\/www.cotesdarmor.com\" target=\"_blank\" rel=\"noopener\">www.cotesdarmor.com<\/a><\/li>\n<li><a href=\"http:\/\/www.finisteretourisme.com\" target=\"_blank\" rel=\"noopener\">www.finisteretourisme.com<\/a><\/li>\n<\/ul>\n","protected":false},"excerpt":{"rendered":"<p>En s\u00e9journant au Domaine de Trestraou, vous pourrez d\u00e9couvrir les incontournables\u00a0sites de Perros-Guirec : Les rochers de granit rose de Ploumanac\u2019h (sentier des douaniers GR34), Visite\u00a0de la r\u00e9serve ornithologique des 7 \u00eeles, Ses diff\u00e9rents quartiers : le Port, Trestrignel,\u00a0le Centre-ville,\u00a0Trestraou, La Clart\u00e9,\u00a0Ploumanac&#8217;h. Les villes voisines : Pleumeur Bodou : Le Rad\u00f4me (1 des 2 premi\u00e8res [&hellip;]<\/p>\n","protected":false},"author":2,"featured_media":0,"parent":2045,"menu_order":0,"comment_status":"open","ping_status":"open","template":"","meta":{"_acf_changed":false,"_monsterinsights_skip_tracking":false,"_monsterinsights_sitenote_active":false,"_monsterinsights_sitenote_note":"","_monsterinsights_sitenote_category":0,"footnotes":""},"class_list":["post-802","page","type-page","status-publish","hentry"],"acf":[],"aioseo_notices":[],"_links":{"self":[{"href":"https:\/\/domainedetrestraou.com\/it\/wp-json\/wp\/v2\/pages\/802","targetHints":{"allow":["GET"]}}],"collection":[{"href":"https:\/\/domainedetrestraou.com\/it\/wp-json\/wp\/v2\/pages"}],"about":[{"href":"https:\/\/domainedetrestraou.com\/it\/wp-json\/wp\/v2\/types\/page"}],"author":[{"embeddable":true,"href":"https:\/\/domainedetrestraou.com\/it\/wp-json\/wp\/v2\/users\/2"}],"replies":[{"embeddable":true,"href":"https:\/\/domainedetrestraou.com\/it\/wp-json\/wp\/v2\/comments?post=802"}],"version-history":[{"count":7,"href":"https:\/\/domainedetrestraou.com\/it\/wp-json\/wp\/v2\/pages\/802\/revisions"}],"predecessor-version":[{"id":4182,"href":"https:\/\/domainedetrestraou.com\/it\/wp-json\/wp\/v2\/pages\/802\/revisions\/4182"}],"up":[{"embeddable":true,"href":"https:\/\/domainedetrestraou.com\/it\/wp-json\/wp\/v2\/pages\/2045"}],"wp:attachment":[{"href":"https:\/\/domainedetrestraou.com\/it\/wp-json\/wp\/v2\/media?parent=802"}],"curies":[{"name":"wp","href":"https:\/\/api.w.org\/{rel}","templated":true}]}}