{"id":714,"date":"2015-01-27T10:47:13","date_gmt":"2015-01-27T09:47:13","guid":{"rendered":"http:\/\/domainedetrestraou.com\/it\/les-points-forts\/"},"modified":"2024-04-12T07:50:15","modified_gmt":"2024-04-12T06:50:15","slug":"punti-forti","status":"publish","type":"page","link":"https:\/\/domainedetrestraou.com\/it\/presentazione-del-dominio\/punti-forti\/","title":{"rendered":"I punti di forza"},"content":{"rendered":"<p>Un posto tranquillo e ben posizionato.<\/p>\n<p>\u00c8 un parco privato e familiare che vi invita a riposarvi a 150 metri dalla SPIAGGIA, vicino ad attivit\u00e0 turistiche e sportive e vicino al centro della citt\u00e0 di Perros-Guirec (15 minuti a piedi).<br \/>\nSi estende su 3 ettari di verde e offre 180 piazzole dedicate principalmente a tende e camper, di cui 23 in affitto con vista mare o vista campagna.<br \/>\nApprezzerai la tranquillit\u00e0 e la variet\u00e0 delle piantagioni di questo parco.<\/p>\n<p>Servizi: il comfort in ogni momento<br \/>\nWi-Fi: disponibile ovunque nel campo (a volte gli alberi possono intralciare!), acquisto dei biglietti Wi-Fi alla reception.<br \/>\nDocce calde illimitate! L&#8217;acqua calda \u00e8 disponibile in ogni stazione.<br \/>\nConnessioni standard (da 6 a 16 ampere) con spine francesi o europee (spine blu).<br \/>\nLavatrice, asciugabiancheria (a gettoni da acquistare alla reception), stireria<br \/>\nArea di svuotamento per camper<br \/>\nPossibilit\u00e0 di parcheggio autobus<br \/>\nGiochi: molte occupazioni<br \/>\ntavolo da ping pong<br \/>\nCampo da pallavolo<br \/>\nPiede del bambino<br \/>\nParco giochi per i pi\u00f9 piccoli<br \/>\nSala con giochi da tavolo ecc (tranne periodo covid)<br \/>\nTrampolino<\/p>\n<p>+ Le nostre attivit\u00e0 in spiaggia: Tennis, minigolf, creperie&#8230;<br \/>\n+ Molte altre attivit\u00e0 in spiaggia<br \/>\n+ Molti siti da scoprire a Tr\u00e9gor e oltre.<\/p>\n<p>Cibo: tutto nelle vicinanze<\/p>\n<p>Piccole bombole di gas in loco.<br \/>\nCibo: Carrefour City a 200 metri<br \/>\nPanetteria a 150 mt.<br \/>\nNegozio di alimentari di convenienza in loco<br \/>\nMolti negozi e negozi di medie dimensioni nel centro della citt\u00e0 di Perros-Guirec.<\/p>\n<p>Animali<\/p>\n<p>Gli animali domestici sono i benvenuti nelle vostre strutture, vaccinati, tatuati e tenuti al guinzaglio. Solo i cani di piccola taglia sono tollerati negli affitti.<\/p>\n","protected":false},"excerpt":{"rendered":"<p>Un posto tranquillo e ben posizionato. \u00c8 un parco privato e familiare che vi invita a riposarvi a 150 metri dalla SPIAGGIA, vicino ad attivit\u00e0 turistiche e sportive e vicino al centro della citt\u00e0 di Perros-Guirec (15 minuti a piedi). Si estende su 3 ettari di verde e offre 180 piazzole dedicate principalmente a tende [&hellip;]<\/p>\n","protected":false},"author":2,"featured_media":0,"parent":1957,"menu_order":0,"comment_status":"open","ping_status":"closed","template":"","meta":{"_acf_changed":false,"_monsterinsights_skip_tracking":false,"_monsterinsights_sitenote_active":false,"_monsterinsights_sitenote_note":"","_monsterinsights_sitenote_category":0,"footnotes":""},"class_list":["post-714","page","type-page","status-publish","hentry"],"acf":[],"aioseo_notices":[],"_links":{"self":[{"href":"https:\/\/domainedetrestraou.com\/it\/wp-json\/wp\/v2\/pages\/714","targetHints":{"allow":["GET"]}}],"collection":[{"href":"https:\/\/domainedetrestraou.com\/it\/wp-json\/wp\/v2\/pages"}],"about":[{"href":"https:\/\/domainedetrestraou.com\/it\/wp-json\/wp\/v2\/types\/page"}],"author":[{"embeddable":true,"href":"https:\/\/domainedetrestraou.com\/it\/wp-json\/wp\/v2\/users\/2"}],"replies":[{"embeddable":true,"href":"https:\/\/domainedetrestraou.com\/it\/wp-json\/wp\/v2\/comments?post=714"}],"version-history":[{"count":16,"href":"https:\/\/domainedetrestraou.com\/it\/wp-json\/wp\/v2\/pages\/714\/revisions"}],"predecessor-version":[{"id":13159,"href":"https:\/\/domainedetrestraou.com\/it\/wp-json\/wp\/v2\/pages\/714\/revisions\/13159"}],"up":[{"embeddable":true,"href":"https:\/\/domainedetrestraou.com\/it\/wp-json\/wp\/v2\/pages\/1957"}],"wp:attachment":[{"href":"https:\/\/domainedetrestraou.com\/it\/wp-json\/wp\/v2\/media?parent=714"}],"curies":[{"name":"wp","href":"https:\/\/api.w.org\/{rel}","templated":true}]}}