{"id":4049,"date":"2022-05-31T15:43:10","date_gmt":"2022-05-31T14:43:10","guid":{"rendered":"https:\/\/domainedetrestraou.com\/accessibilite\/"},"modified":"2022-05-31T15:54:59","modified_gmt":"2022-05-31T14:54:59","slug":"accessibilita","status":"publish","type":"page","link":"https:\/\/domainedetrestraou.com\/it\/accessibilita\/","title":{"rendered":"Accessibilit\u00e0"},"content":{"rendered":"<p><strong>A causa della sua geografia, Domaine de Trestraou Camping *** \u00e8 naturalmente adattato al traffico su sedia a rotelle.<\/strong><\/p>\n<p>1- Il sentiero principale \u00e8 asfaltato.<br \/>\n2- Diverse piazzole molto pianeggianti fiancheggiano il sentiero principale.<br \/>\n3- A seconda della situazione:<\/p>\n<ul>\n<li>L&#8217;accesso ai servizi igienici principali (di fronte alla reception) avviene tramite una leggera pendenza:<\/li>\n<li>Nel blocco di sinistra:\n<ul>\n<li>Toilette per disabili vicino alle altre toilette +<\/li>\n<li>Cesto portabiancheria adattato sul retro.<\/li>\n<\/ul>\n<\/li>\n<li>Un bagno PRM si trova nel cuore del parco, accessibile in sedia a rotelle tramite una pendenza adatta. La chiave viene consegnata all&#8217;arrivo alla reception<\/li>\n<\/ul>\n<p>4- L&#8217;accesso alla SPIAGGIA \u00e8 al piano terra!<\/p>\n<p>5- In spiaggia, per andare sulla sabbia, c&#8217;\u00e8:<\/p>\n<ul>\n<li>La rampa della barca all&#8217;arrivo<\/li>\n<li>Oppure all&#8217;altra estremit\u00e0 della spiaggia, un&#8217;altra rampa, davanti alla stazione dei bagnini (sotto la bandiera verde).<\/li>\n<\/ul>\n<p>6- Per il nuoto \u00e8 disponibile una poltrona adattata resistente all&#8217;acqua di mare presso la postazione bagnino (sotto la bandiera verde).<br \/>\n7- \u00c8 possibile accedere al molo per l&#8217;escursione alle 7 isole su un unico livello.<br \/>\n8- Puoi accedere alla panetteria su un livello.<br \/>\n9- A Trestraou, puoi prendere la navetta &#8220;MACAREUX&#8221; per andare in altri luoghi di Perros-Guirec o Tr\u00e9gastel. Oppure prendi l&#8217;autobus per andare pi\u00f9 lontano (stazione di Lannion per esempio). La fermata pi\u00f9 vicina si trova, uscendo dal campeggio, sulla sinistra, attraversare la strada, davanti al parcheggio\/parco giochi.<\/p>\n<p><strong>Siamo particolarmente presenti per rispondere alle vostre richieste; inoltre non esitate a farcelo sapere.<\/strong><\/p>\n<p><strong>RICEVIMENTO: 06 08 99 03 93<\/strong><\/p>\n<p><strong>Vi auguriamo un ottimo soggiorno a Perros!<\/strong><\/p>\n","protected":false},"excerpt":{"rendered":"<p>A causa della sua geografia, Domaine de Trestraou Camping *** \u00e8 naturalmente adattato al traffico su sedia a rotelle. 1- Il sentiero principale \u00e8 asfaltato. 2- Diverse piazzole molto pianeggianti fiancheggiano il sentiero principale. 3- A seconda della situazione: L&#8217;accesso ai servizi igienici principali (di fronte alla reception) avviene tramite una leggera pendenza: Nel blocco [&hellip;]<\/p>\n","protected":false},"author":13,"featured_media":0,"parent":0,"menu_order":0,"comment_status":"closed","ping_status":"closed","template":"","meta":{"_acf_changed":false,"_monsterinsights_skip_tracking":false,"_monsterinsights_sitenote_active":false,"_monsterinsights_sitenote_note":"","_monsterinsights_sitenote_category":0,"footnotes":""},"class_list":["post-4049","page","type-page","status-publish","hentry"],"acf":[],"aioseo_notices":[],"_links":{"self":[{"href":"https:\/\/domainedetrestraou.com\/it\/wp-json\/wp\/v2\/pages\/4049","targetHints":{"allow":["GET"]}}],"collection":[{"href":"https:\/\/domainedetrestraou.com\/it\/wp-json\/wp\/v2\/pages"}],"about":[{"href":"https:\/\/domainedetrestraou.com\/it\/wp-json\/wp\/v2\/types\/page"}],"author":[{"embeddable":true,"href":"https:\/\/domainedetrestraou.com\/it\/wp-json\/wp\/v2\/users\/13"}],"replies":[{"embeddable":true,"href":"https:\/\/domainedetrestraou.com\/it\/wp-json\/wp\/v2\/comments?post=4049"}],"version-history":[{"count":2,"href":"https:\/\/domainedetrestraou.com\/it\/wp-json\/wp\/v2\/pages\/4049\/revisions"}],"predecessor-version":[{"id":4069,"href":"https:\/\/domainedetrestraou.com\/it\/wp-json\/wp\/v2\/pages\/4049\/revisions\/4069"}],"wp:attachment":[{"href":"https:\/\/domainedetrestraou.com\/it\/wp-json\/wp\/v2\/media?parent=4049"}],"curies":[{"name":"wp","href":"https:\/\/api.w.org\/{rel}","templated":true}]}}