{"id":936,"date":"2014-04-08T11:01:34","date_gmt":"2014-04-08T10:01:34","guid":{"rendered":"http:\/\/domainedetrestraou.com\/es\/hebergements-a-louer\/"},"modified":"2022-06-24T10:20:47","modified_gmt":"2022-06-24T09:20:47","slug":"alojamientos-vacacionales","status":"publish","type":"page","link":"https:\/\/domainedetrestraou.com\/es\/alojamiento-al-aire-libre\/alojamientos-vacacionales\/","title":{"rendered":"Alojamientos vacacionales"},"content":{"rendered":"<p><img loading=\"lazy\" decoding=\"async\" class=\"alignnone wp-image-283 size-full\" src=\"http:\/\/domainedetrestraou.com\/wp-content\/uploads\/2014\/04\/bord-de-mer.jpg\" alt=\"cerca del mar\" width=\"50\" height=\"50\" \/> <strong>Vistas al mar<\/strong> <img loading=\"lazy\" decoding=\"async\" class=\"alignnone wp-image-284 size-full\" src=\"http:\/\/domainedetrestraou.com\/wp-content\/uploads\/2014\/04\/champetre.jpg\" alt=\"vistas al campo\" width=\"50\" height=\"50\" \/> <strong>Vistas al campo<\/strong><\/p>\n<p>Equipamiento de alquiler: <strong>televisor (libre)<\/strong>, microondas, cafetera, calefacci\u00f3n el\u00e9ctrica, etc.<br \/>\nDe forma opcional: s\u00e1banas, fundas de almohadas, toallas y trapos de cocina.<\/p>\n","protected":false},"excerpt":{"rendered":"<p>Vistas al mar Vistas al campo Equipamiento de alquiler: televisor (libre), microondas, cafetera, calefacci\u00f3n el\u00e9ctrica, etc. De forma opcional: s\u00e1banas, fundas de almohadas, toallas y trapos de cocina.<\/p>\n","protected":false},"author":2,"featured_media":0,"parent":2106,"menu_order":0,"comment_status":"open","ping_status":"open","template":"template-list-locations.php","meta":{"_acf_changed":false,"_monsterinsights_skip_tracking":false,"_monsterinsights_sitenote_active":false,"_monsterinsights_sitenote_note":"","_monsterinsights_sitenote_category":0,"footnotes":""},"class_list":["post-936","page","type-page","status-publish","hentry"],"acf":[],"aioseo_notices":[],"_links":{"self":[{"href":"https:\/\/domainedetrestraou.com\/es\/wp-json\/wp\/v2\/pages\/936","targetHints":{"allow":["GET"]}}],"collection":[{"href":"https:\/\/domainedetrestraou.com\/es\/wp-json\/wp\/v2\/pages"}],"about":[{"href":"https:\/\/domainedetrestraou.com\/es\/wp-json\/wp\/v2\/types\/page"}],"author":[{"embeddable":true,"href":"https:\/\/domainedetrestraou.com\/es\/wp-json\/wp\/v2\/users\/2"}],"replies":[{"embeddable":true,"href":"https:\/\/domainedetrestraou.com\/es\/wp-json\/wp\/v2\/comments?post=936"}],"version-history":[{"count":11,"href":"https:\/\/domainedetrestraou.com\/es\/wp-json\/wp\/v2\/pages\/936\/revisions"}],"predecessor-version":[{"id":4135,"href":"https:\/\/domainedetrestraou.com\/es\/wp-json\/wp\/v2\/pages\/936\/revisions\/4135"}],"up":[{"embeddable":true,"href":"https:\/\/domainedetrestraou.com\/es\/wp-json\/wp\/v2\/pages\/2106"}],"wp:attachment":[{"href":"https:\/\/domainedetrestraou.com\/es\/wp-json\/wp\/v2\/media?parent=936"}],"curies":[{"name":"wp","href":"https:\/\/api.w.org\/{rel}","templated":true}]}}