{"id":934,"date":"2014-04-08T11:01:47","date_gmt":"2014-04-08T10:01:47","guid":{"rendered":"http:\/\/domainedetrestraou.com\/es\/emplacements-de-camping\/"},"modified":"2020-04-08T10:54:22","modified_gmt":"2020-04-08T09:54:22","slug":"sitios-acampe-libre","status":"publish","type":"page","link":"https:\/\/domainedetrestraou.com\/es\/alojamiento-al-aire-libre\/sitios-acampe-libre\/","title":{"rendered":"Parcelas libres"},"content":{"rendered":"<ul>\n<li>Zona de acampada<\/li>\n<li>180 plazas: mayoritariamente planas y algunas delimitadas con setos.<\/li>\n<li>Terreno plano, cubierto de hierba y paisaj\u00edstico,&nbsp;con vistas al mar o al campo.<\/li>\n<li>Parcelas sencillas, con agua y electricidad o con agua, electricidad y sistema de evacuaci\u00f3n de las aguas residuales.<\/li>\n<li>Conexi\u00f3n el\u00e9ctrica de 3 a 16 amperios.<\/li>\n<li><span style=\"line-height: 1.5;\">Lugar valorado por las personas con movilidad reducida (facilidad de desplazamiento en la zona de acampada y acceso a la playa)..<\/span><\/li>\n<\/ul>\n<h3>Ba\u00f1os<\/h3>\n<ul>\n<li>Duchas y lavabos con&nbsp;<strong>AGUA CALIENTE SIN L\u00cdMITE<\/strong>&nbsp;y WC<\/li>\n<li>Espacio para ni\u00f1os: ba\u00f1era, cambiador y retrete para ni\u00f1os.<\/li>\n<li>2 cabinas para personas con movilidad reducida (PMR).<\/li>\n<li>Fregaderos y lavaderos con agua caliente.<\/li>\n<li>Vertedero y WC qu\u00edmico<\/li>\n<\/ul>\n<h3>Colada<\/h3>\n<ul>\n<li>Lavadora y secadora (con fichas)<\/li>\n<li>Plancha y tabla de planchar<\/li>\n<\/ul>\n<h3><span lang=\"ES\">Juegos<\/span><\/h3>\n<ul>\n<li>Mesas de pimp\u00f3n.<\/li>\n<li>Pista de voleibol.<\/li>\n<li>Futbol\u00edn.<\/li>\n<li>Zona de juegos para los m\u00e1s peque\u00f1os.<\/li>\n<li>Sala de televisi\u00f3n, juegos de mesa, etc<\/li>\n<\/ul>\n<p><strong>+<\/strong> Actividades junto a la playa: tenis, minigolf, piscina de aprendizaje, cr\u00eapes para llevar, etc.<\/p>\n<p>&nbsp;<\/p>\n<p>&nbsp;<\/p>\n<p><img loading=\"lazy\" decoding=\"async\" class=\"aligncenter size-medium wp-image-522\" src=\"http:\/\/tretraou.c4web1.syntis.net\/wp-content\/uploads\/2014\/04\/18-300x225.jpg\" alt=\"18\" width=\"300\" height=\"225\" srcset=\"https:\/\/domainedetrestraou.com\/wp-content\/uploads\/2014\/04\/18-300x225.jpg 300w, https:\/\/domainedetrestraou.com\/wp-content\/uploads\/2014\/04\/18-150x113.jpg 150w, https:\/\/domainedetrestraou.com\/wp-content\/uploads\/2014\/04\/18-1600x1200.jpg 1600w\" sizes=\"auto, (max-width: 300px) 100vw, 300px\" \/><\/p>\n<p>&nbsp;<\/p>\n<p>&nbsp;<\/p>\n","protected":false},"excerpt":{"rendered":"<p>Zona de acampada 180 plazas: mayoritariamente planas y algunas delimitadas con setos. Terreno plano, cubierto de hierba y paisaj\u00edstico,&nbsp;con vistas al mar o al campo. Parcelas sencillas, con agua y electricidad o con agua, electricidad y sistema de evacuaci\u00f3n de las aguas residuales. Conexi\u00f3n el\u00e9ctrica de 3 a 16 amperios. Lugar valorado por las personas [&hellip;]<\/p>\n","protected":false},"author":2,"featured_media":0,"parent":2106,"menu_order":0,"comment_status":"open","ping_status":"open","template":"","meta":{"_acf_changed":false,"_monsterinsights_skip_tracking":false,"_monsterinsights_sitenote_active":false,"_monsterinsights_sitenote_note":"","_monsterinsights_sitenote_category":0,"footnotes":""},"class_list":["post-934","page","type-page","status-publish","hentry"],"acf":[],"aioseo_notices":[],"_links":{"self":[{"href":"https:\/\/domainedetrestraou.com\/es\/wp-json\/wp\/v2\/pages\/934","targetHints":{"allow":["GET"]}}],"collection":[{"href":"https:\/\/domainedetrestraou.com\/es\/wp-json\/wp\/v2\/pages"}],"about":[{"href":"https:\/\/domainedetrestraou.com\/es\/wp-json\/wp\/v2\/types\/page"}],"author":[{"embeddable":true,"href":"https:\/\/domainedetrestraou.com\/es\/wp-json\/wp\/v2\/users\/2"}],"replies":[{"embeddable":true,"href":"https:\/\/domainedetrestraou.com\/es\/wp-json\/wp\/v2\/comments?post=934"}],"version-history":[{"count":9,"href":"https:\/\/domainedetrestraou.com\/es\/wp-json\/wp\/v2\/pages\/934\/revisions"}],"predecessor-version":[{"id":3670,"href":"https:\/\/domainedetrestraou.com\/es\/wp-json\/wp\/v2\/pages\/934\/revisions\/3670"}],"up":[{"embeddable":true,"href":"https:\/\/domainedetrestraou.com\/es\/wp-json\/wp\/v2\/pages\/2106"}],"wp:attachment":[{"href":"https:\/\/domainedetrestraou.com\/es\/wp-json\/wp\/v2\/media?parent=934"}],"curies":[{"name":"wp","href":"https:\/\/api.w.org\/{rel}","templated":true}]}}