{"id":930,"date":"2014-04-08T11:02:19","date_gmt":"2014-04-08T10:02:19","guid":{"rendered":"http:\/\/domainedetrestraou.com\/es\/hebergement-a-louer-a-lannee\/"},"modified":"2020-04-08T11:02:22","modified_gmt":"2020-04-08T10:02:22","slug":"hebergement-a-louer-a-lannee","status":"publish","type":"page","link":"https:\/\/domainedetrestraou.com\/es\/alojamiento-al-aire-libre\/hebergement-a-louer-a-lannee\/","title":{"rendered":"Alojamiento de larga duraci\u00f3n"},"content":{"rendered":"<p>Ofrecemos la posibilidad de alquilar un bungal\u00f3 o una mobile-home de abril a septiembre.<\/p>\n<p><span style=\"line-height: 1.5;\">Inf\u00f3rmese en recepci\u00f3n.<\/span><\/p>\n<p>&nbsp;<\/p>\n<p><img loading=\"lazy\" decoding=\"async\" class=\"alignnone size-medium wp-image-232 aligncenter\" src=\"http:\/\/domainedetrestraou.com\/wp-content\/uploads\/2014\/04\/cottage-pacifique-300x199.jpg\" alt=\"Cottage Pacifique du domaine de Trestraou\" width=\"300\" height=\"199\" srcset=\"https:\/\/domainedetrestraou.com\/wp-content\/uploads\/2014\/04\/cottage-pacifique-300x199.jpg 300w, https:\/\/domainedetrestraou.com\/wp-content\/uploads\/2014\/04\/cottage-pacifique-150x99.jpg 150w, https:\/\/domainedetrestraou.com\/wp-content\/uploads\/2014\/04\/cottage-pacifique.jpg 800w\" sizes=\"auto, (max-width: 300px) 100vw, 300px\" \/><\/p>\n","protected":false},"excerpt":{"rendered":"<p>Ofrecemos la posibilidad de alquilar un bungal\u00f3 o una mobile-home de abril a septiembre. Inf\u00f3rmese en recepci\u00f3n. &nbsp;<\/p>\n","protected":false},"author":2,"featured_media":0,"parent":2106,"menu_order":0,"comment_status":"open","ping_status":"closed","template":"","meta":{"_acf_changed":false,"_monsterinsights_skip_tracking":false,"_monsterinsights_sitenote_active":false,"_monsterinsights_sitenote_note":"","_monsterinsights_sitenote_category":0,"footnotes":""},"class_list":["post-930","page","type-page","status-publish","hentry"],"acf":[],"aioseo_notices":[],"_links":{"self":[{"href":"https:\/\/domainedetrestraou.com\/es\/wp-json\/wp\/v2\/pages\/930","targetHints":{"allow":["GET"]}}],"collection":[{"href":"https:\/\/domainedetrestraou.com\/es\/wp-json\/wp\/v2\/pages"}],"about":[{"href":"https:\/\/domainedetrestraou.com\/es\/wp-json\/wp\/v2\/types\/page"}],"author":[{"embeddable":true,"href":"https:\/\/domainedetrestraou.com\/es\/wp-json\/wp\/v2\/users\/2"}],"replies":[{"embeddable":true,"href":"https:\/\/domainedetrestraou.com\/es\/wp-json\/wp\/v2\/comments?post=930"}],"version-history":[{"count":7,"href":"https:\/\/domainedetrestraou.com\/es\/wp-json\/wp\/v2\/pages\/930\/revisions"}],"predecessor-version":[{"id":3683,"href":"https:\/\/domainedetrestraou.com\/es\/wp-json\/wp\/v2\/pages\/930\/revisions\/3683"}],"up":[{"embeddable":true,"href":"https:\/\/domainedetrestraou.com\/es\/wp-json\/wp\/v2\/pages\/2106"}],"wp:attachment":[{"href":"https:\/\/domainedetrestraou.com\/es\/wp-json\/wp\/v2\/media?parent=930"}],"curies":[{"name":"wp","href":"https:\/\/api.w.org\/{rel}","templated":true}]}}