{"id":924,"date":"2014-04-08T11:03:33","date_gmt":"2014-04-08T10:03:33","guid":{"rendered":"http:\/\/domainedetrestraou.com\/es\/tennis\/"},"modified":"2023-07-24T14:29:04","modified_gmt":"2023-07-24T13:29:04","slug":"tennis","status":"publish","type":"page","link":"https:\/\/domainedetrestraou.com\/es\/nuestras-actividades\/tennis\/","title":{"rendered":"Tennis"},"content":{"rendered":"<p>Contamos con 2 pistas de tenis de tierra batida frente a la playa.<\/p>\n<h2>Apertura:<\/h2>\n<p>Abierto en julio y agosto, domingo a viernes, de 9:00 a 20:00 h.<\/p>\n<h2>Tarifas:<\/h2>\n<p>20 euros \/ hora.<\/p>\n<h2>Clases:<\/h2>\n<p>Ofrecemos clases individuales y para grupos para adultos y ni\u00f1os (minipista de tenis para ni\u00f1os a partir de los 4 a\u00f1os) impartidas por un profesor diplomado por el estado franc\u00e9s de primer grado y clasificado en el nivel 15 del sistema de clasificaci\u00f3n franc\u00e9s, con el que cada uno podr\u00e1 aprender a su ritmo o perfeccionar su juego.<\/p>\n<p>Posibilidad de contactar con socios para jugar en las instalaciones.<\/p>\n<p><span style=\"line-height: 1.5;\">Si desea m\u00e1s informaci\u00f3n, p\u00f3ngase en contacto con la monitora <strong>Anne-Fr\u00e9d\u00e9rique\u00a0<\/strong>en el n\u00famero <strong>+33 (0) 6 68 83 13 57\u00a0<\/strong>o por correo electr\u00f3nico en la direcci\u00f3n <strong>aflerolland@orange.fr<\/strong>.<\/span><\/p>\n<h2>Acceso:<\/h2>\n<p>En la playa de Trestraou, a la izquierda mirando al mar.<br \/>\nLa misma entrada del minigolf, el Golf Gourmand y la piscina de aprendizaje.<br \/>\nBoulevard Joseph Le Bihan (frente al mar) \u2013 22700 Perros-Guirec \u2013 Francia<\/p>\n<h2>\u00bfLE APETECE COMER ALGO?<\/h2>\n<p>\u00a1Entonces pase por el GOLF GOURMAND!<br \/>\nEste \u00abclub house\u00bb ofrece cr\u00eapes dulces y saladas, bebidas fr\u00edas y calientes, helados, etc. Para tomar y para llevar.<\/p>\n<p>TERRAZA ORIENTADA <strong>AL SUR<\/strong><\/p>\n","protected":false},"excerpt":{"rendered":"<p>Contamos con 2 pistas de tenis de tierra batida frente a la playa. Apertura: Abierto en julio y agosto, domingo a viernes, de 9:00 a 20:00 h. Tarifas: 20 euros \/ hora. Clases: Ofrecemos clases individuales y para grupos para adultos y ni\u00f1os (minipista de tenis para ni\u00f1os a partir de los 4 a\u00f1os) impartidas [&hellip;]<\/p>\n","protected":false},"author":2,"featured_media":0,"parent":2094,"menu_order":0,"comment_status":"open","ping_status":"open","template":"","meta":{"_acf_changed":false,"_monsterinsights_skip_tracking":false,"_monsterinsights_sitenote_active":false,"_monsterinsights_sitenote_note":"","_monsterinsights_sitenote_category":0,"footnotes":""},"class_list":["post-924","page","type-page","status-publish","hentry"],"acf":[],"aioseo_notices":[],"_links":{"self":[{"href":"https:\/\/domainedetrestraou.com\/es\/wp-json\/wp\/v2\/pages\/924","targetHints":{"allow":["GET"]}}],"collection":[{"href":"https:\/\/domainedetrestraou.com\/es\/wp-json\/wp\/v2\/pages"}],"about":[{"href":"https:\/\/domainedetrestraou.com\/es\/wp-json\/wp\/v2\/types\/page"}],"author":[{"embeddable":true,"href":"https:\/\/domainedetrestraou.com\/es\/wp-json\/wp\/v2\/users\/2"}],"replies":[{"embeddable":true,"href":"https:\/\/domainedetrestraou.com\/es\/wp-json\/wp\/v2\/comments?post=924"}],"version-history":[{"count":10,"href":"https:\/\/domainedetrestraou.com\/es\/wp-json\/wp\/v2\/pages\/924\/revisions"}],"predecessor-version":[{"id":8758,"href":"https:\/\/domainedetrestraou.com\/es\/wp-json\/wp\/v2\/pages\/924\/revisions\/8758"}],"up":[{"embeddable":true,"href":"https:\/\/domainedetrestraou.com\/es\/wp-json\/wp\/v2\/pages\/2094"}],"wp:attachment":[{"href":"https:\/\/domainedetrestraou.com\/es\/wp-json\/wp\/v2\/media?parent=924"}],"curies":[{"name":"wp","href":"https:\/\/api.w.org\/{rel}","templated":true}]}}