{"id":920,"date":"2014-04-08T11:04:17","date_gmt":"2014-04-08T10:04:17","guid":{"rendered":"http:\/\/domainedetrestraou.com\/es\/plats-a-emporter\/"},"modified":"2022-05-31T14:46:35","modified_gmt":"2022-05-31T13:46:35","slug":"comida-para-llevar","status":"publish","type":"page","link":"https:\/\/domainedetrestraou.com\/es\/nuestras-actividades\/comida-para-llevar\/","title":{"rendered":"Creper\u00eda"},"content":{"rendered":"<p>Para almorzar o merendar, dentro o fuera y para tomar o para llevar.<\/p>\n<p>Cr\u00eapes dulces y saladas, bebidas fr\u00edas y calientes, helados, etc.<\/p>\n<p>TERRAZA <strong>TRANQUILA<\/strong> ORIENTADA <strong>AL SUR<\/strong><\/p>\n<p>Abierto <strong>TODOS LOS D\u00cdAS<\/strong> en julio y agosto, excepto s\u00e1bado de la primera quincena de agosto, <strong>de 11:00 a 18:00 h.<\/strong><\/p>\n<p>&nbsp;<\/p>\n<p><strong>Acceso:<\/strong> En la playa de Trestraou, a la izquierda mirando al mar.<\/p>\n<p>La misma entrada del minigolf, las pistas de tenis y la piscina.<\/p>\n<p>Boulevard Joseph Le Bihan (frente al mar) \u2013 22700 Perros-Guirec \u2013 Francia<\/p>\n<p>&nbsp;<\/p>\n<p>&nbsp;<\/p>\n","protected":false},"excerpt":{"rendered":"<p>Para almorzar o merendar, dentro o fuera y para tomar o para llevar. Cr\u00eapes dulces y saladas, bebidas fr\u00edas y calientes, helados, etc. TERRAZA TRANQUILA ORIENTADA AL SUR Abierto TODOS LOS D\u00cdAS en julio y agosto, excepto s\u00e1bado de la primera quincena de agosto, de 11:00 a 18:00 h. &nbsp; Acceso: En la playa de [&hellip;]<\/p>\n","protected":false},"author":2,"featured_media":0,"parent":2094,"menu_order":0,"comment_status":"open","ping_status":"open","template":"","meta":{"_acf_changed":false,"_monsterinsights_skip_tracking":false,"_monsterinsights_sitenote_active":false,"_monsterinsights_sitenote_note":"","_monsterinsights_sitenote_category":0,"footnotes":""},"class_list":["post-920","page","type-page","status-publish","hentry"],"acf":[],"aioseo_notices":[],"_links":{"self":[{"href":"https:\/\/domainedetrestraou.com\/es\/wp-json\/wp\/v2\/pages\/920","targetHints":{"allow":["GET"]}}],"collection":[{"href":"https:\/\/domainedetrestraou.com\/es\/wp-json\/wp\/v2\/pages"}],"about":[{"href":"https:\/\/domainedetrestraou.com\/es\/wp-json\/wp\/v2\/types\/page"}],"author":[{"embeddable":true,"href":"https:\/\/domainedetrestraou.com\/es\/wp-json\/wp\/v2\/users\/2"}],"replies":[{"embeddable":true,"href":"https:\/\/domainedetrestraou.com\/es\/wp-json\/wp\/v2\/comments?post=920"}],"version-history":[{"count":9,"href":"https:\/\/domainedetrestraou.com\/es\/wp-json\/wp\/v2\/pages\/920\/revisions"}],"predecessor-version":[{"id":4005,"href":"https:\/\/domainedetrestraou.com\/es\/wp-json\/wp\/v2\/pages\/920\/revisions\/4005"}],"up":[{"embeddable":true,"href":"https:\/\/domainedetrestraou.com\/es\/wp-json\/wp\/v2\/pages\/2094"}],"wp:attachment":[{"href":"https:\/\/domainedetrestraou.com\/es\/wp-json\/wp\/v2\/media?parent=920"}],"curies":[{"name":"wp","href":"https:\/\/api.w.org\/{rel}","templated":true}]}}