{"id":918,"date":"2014-04-08T11:04:40","date_gmt":"2014-04-08T10:04:40","guid":{"rendered":"http:\/\/domainedetrestraou.com\/es\/tarifs-locations\/"},"modified":"2024-01-30T13:25:35","modified_gmt":"2024-01-30T12:25:35","slug":"tarifs-locations","status":"publish","type":"page","link":"https:\/\/domainedetrestraou.com\/es\/tarifs\/tarifs-locations\/","title":{"rendered":"Precios de los alquileres"},"content":{"rendered":"<h2>Aqu\u00ed se encuentran todas las tarifas.<\/h2>\n<h2>Recuerde traer su ropa de cama !<\/h2>\n<p>S\u00e1banas, almohadas de cuadrados y almohadas , toallas y pa\u00f1os de cocina .<\/p>\n<p><em>Opcionalmente , se puede alquilar esta m\u00e1quina .<\/em><\/p>\n","protected":false},"excerpt":{"rendered":"<p>Aqu\u00ed se encuentran todas las tarifas. Recuerde traer su ropa de cama ! S\u00e1banas, almohadas de cuadrados y almohadas , toallas y pa\u00f1os de cocina . Opcionalmente , se puede alquilar esta m\u00e1quina .<\/p>\n","protected":false},"author":2,"featured_media":0,"parent":2081,"menu_order":0,"comment_status":"closed","ping_status":"closed","template":"template-tarifs-locations-2024.php","meta":{"_acf_changed":false,"_monsterinsights_skip_tracking":false,"_monsterinsights_sitenote_active":false,"_monsterinsights_sitenote_note":"","_monsterinsights_sitenote_category":0,"footnotes":""},"class_list":["post-918","page","type-page","status-publish","hentry"],"acf":[],"aioseo_notices":[],"_links":{"self":[{"href":"https:\/\/domainedetrestraou.com\/es\/wp-json\/wp\/v2\/pages\/918","targetHints":{"allow":["GET"]}}],"collection":[{"href":"https:\/\/domainedetrestraou.com\/es\/wp-json\/wp\/v2\/pages"}],"about":[{"href":"https:\/\/domainedetrestraou.com\/es\/wp-json\/wp\/v2\/types\/page"}],"author":[{"embeddable":true,"href":"https:\/\/domainedetrestraou.com\/es\/wp-json\/wp\/v2\/users\/2"}],"replies":[{"embeddable":true,"href":"https:\/\/domainedetrestraou.com\/es\/wp-json\/wp\/v2\/comments?post=918"}],"version-history":[{"count":23,"href":"https:\/\/domainedetrestraou.com\/es\/wp-json\/wp\/v2\/pages\/918\/revisions"}],"predecessor-version":[{"id":11375,"href":"https:\/\/domainedetrestraou.com\/es\/wp-json\/wp\/v2\/pages\/918\/revisions\/11375"}],"up":[{"embeddable":true,"href":"https:\/\/domainedetrestraou.com\/es\/wp-json\/wp\/v2\/pages\/2081"}],"wp:attachment":[{"href":"https:\/\/domainedetrestraou.com\/es\/wp-json\/wp\/v2\/media?parent=918"}],"curies":[{"name":"wp","href":"https:\/\/api.w.org\/{rel}","templated":true}]}}