{"id":908,"date":"2014-04-08T11:06:10","date_gmt":"2014-04-08T10:06:10","guid":{"rendered":"http:\/\/domainedetrestraou.com\/es\/la-region\/"},"modified":"2022-06-24T10:59:52","modified_gmt":"2022-06-24T09:59:52","slug":"la-region","status":"publish","type":"page","link":"https:\/\/domainedetrestraou.com\/es\/visitar\/la-region\/","title":{"rendered":"La regi\u00f3n"},"content":{"rendered":"<p>Si visita Domaine de Trestraou, podr\u00e1 descubrir los <strong>sitios imprescindibles de Perros-Guirec<\/strong>:<\/p>\n<ul>\n<li>Las rocas de granito rosa de <strong>Ploumanac\u2019h<\/strong> (sendero costero GR34).<\/li>\n<li>La reserva ornitol\u00f3gica de las <strong>7 islas<\/strong>.<\/li>\n<li><span style=\"line-height: 1.5;\">Sus diferentes barrios: el puerto, Trestrignel,\u00a0el centro,\u00a0Trestraou, La Clart\u00e9,\u00a0Ploumanac\u2019h.<\/span><\/li>\n<\/ul>\n<p>Las ciudades vecinas:<\/p>\n<p>Pleumeur-Bodou: el <strong>Rad\u00f4me<\/strong> (una de las dos primeras antenas sat\u00e9lites del mundo), el planetario, el Museo de las Telecomunicaciones y el aut\u00e9ntico Pueblo Galo.<\/p>\n<p>Al oeste: Tr\u00e9gastel, \u00cele Grande (estaci\u00f3n ornitol\u00f3gica de la Liga de Protecci\u00f3n de las Aves) y Tr\u00e9beurden<\/p>\n<p>Ciudades y pueblos medievales:\u00a0<strong>Tr\u00e9guier<\/strong>, <strong>Lannion, Guingamp, Dinan<\/strong><\/p>\n<p>Hay otros muchos lugares que ver que se extienden a lo largo del litoral, desde la bah\u00eda de <strong>Morlaix<\/strong> (30 minutos al oeste) hasta el puerto de <strong>Paimpol<\/strong> (30 minutos al este):\u00a0<strong>el \u00abcairn\u00bb o t\u00famulo de Barnenez, el fuerte de Taureau,\u00a0la sima de Plougrescant,\u00a0la lengua de tierra de Talbert, \u00cele-de-Br\u00e9hat<\/strong>, etc.<\/p>\n<p><strong>En funci\u00f3n de sus preferencias, podemos ayudarle a descubrir esta parte de <strong>Breta\u00f1a en torno a diferentes temas<\/strong><\/strong>:<\/p>\n<p>Castillos feudales y casas solariegas,<\/p>\n<p>Abad\u00edas, iglesias, capillas, claustros y recintos parroquiales,<\/p>\n<p>Ciudades medievales<\/p>\n<p>Sitios megal\u00edticos,<\/p>\n<p>Espacios naturales, etc.<\/p>\n<p>La costa, muy recortada, y el interior esconden una gran diversidad.<\/p>\n<p>Son un punto de reuni\u00f3n de curiosos, paseantes y senderistas que se dispersan por los senderos que unen las playas, los peque\u00f1os puertos pesqueros y las landas.<\/p>\n<p>Paseos que maravillan, paseos que cultivan, en resumen, \u00a1paseos de Breta\u00f1a!<\/p>\n<p><span style=\"line-height: 1.5;\">Algunos enlaces con m\u00e1s informaci\u00f3n:<\/span><\/p>\n<p><a href=\"http:\/\/www.perros-guirec.com\" target=\"_blank\" rel=\"noopener\">www.perros-guirec.com<\/a><\/p>\n<p><a href=\"http:\/\/www.cotedegranitrose.fr\" target=\"_blank\" rel=\"noopener\">www.cotedegranitrose.fr<\/a><\/p>\n<p><a href=\"https:\/\/www.cotesdarmor.com\" target=\"_blank\" rel=\"noopener\">www.cotesdarmor.com<\/a><\/p>\n<p><a href=\"http:\/\/www.finisteretourisme.com\" target=\"_blank\" rel=\"noopener\">www.finisteretourisme.com<\/a><\/p>\n","protected":false},"excerpt":{"rendered":"<p>Si visita Domaine de Trestraou, podr\u00e1 descubrir los sitios imprescindibles de Perros-Guirec: Las rocas de granito rosa de Ploumanac\u2019h (sendero costero GR34). La reserva ornitol\u00f3gica de las 7 islas. Sus diferentes barrios: el puerto, Trestrignel,\u00a0el centro,\u00a0Trestraou, La Clart\u00e9,\u00a0Ploumanac\u2019h. Las ciudades vecinas: Pleumeur-Bodou: el Rad\u00f4me (una de las dos primeras antenas sat\u00e9lites del mundo), el planetario, [&hellip;]<\/p>\n","protected":false},"author":2,"featured_media":0,"parent":2051,"menu_order":0,"comment_status":"open","ping_status":"open","template":"","meta":{"_acf_changed":false,"_monsterinsights_skip_tracking":false,"_monsterinsights_sitenote_active":false,"_monsterinsights_sitenote_note":"","_monsterinsights_sitenote_category":0,"footnotes":""},"class_list":["post-908","page","type-page","status-publish","hentry"],"acf":[],"aioseo_notices":[],"_links":{"self":[{"href":"https:\/\/domainedetrestraou.com\/es\/wp-json\/wp\/v2\/pages\/908","targetHints":{"allow":["GET"]}}],"collection":[{"href":"https:\/\/domainedetrestraou.com\/es\/wp-json\/wp\/v2\/pages"}],"about":[{"href":"https:\/\/domainedetrestraou.com\/es\/wp-json\/wp\/v2\/types\/page"}],"author":[{"embeddable":true,"href":"https:\/\/domainedetrestraou.com\/es\/wp-json\/wp\/v2\/users\/2"}],"replies":[{"embeddable":true,"href":"https:\/\/domainedetrestraou.com\/es\/wp-json\/wp\/v2\/comments?post=908"}],"version-history":[{"count":7,"href":"https:\/\/domainedetrestraou.com\/es\/wp-json\/wp\/v2\/pages\/908\/revisions"}],"predecessor-version":[{"id":4184,"href":"https:\/\/domainedetrestraou.com\/es\/wp-json\/wp\/v2\/pages\/908\/revisions\/4184"}],"up":[{"embeddable":true,"href":"https:\/\/domainedetrestraou.com\/es\/wp-json\/wp\/v2\/pages\/2051"}],"wp:attachment":[{"href":"https:\/\/domainedetrestraou.com\/es\/wp-json\/wp\/v2\/media?parent=908"}],"curies":[{"name":"wp","href":"https:\/\/api.w.org\/{rel}","templated":true}]}}