{"id":902,"date":"2015-02-10T18:21:48","date_gmt":"2015-02-10T17:21:48","guid":{"rendered":"http:\/\/domainedetrestraou.com\/es\/informations-pratiques\/"},"modified":"2024-04-12T08:09:07","modified_gmt":"2024-04-12T07:09:07","slug":"informacion-practica","status":"publish","type":"page","link":"https:\/\/domainedetrestraou.com\/es\/informacion-practica\/","title":{"rendered":"Informaci\u00f3n pr\u00e1ctica"},"content":{"rendered":"<h2>Recepci\u00f3n:<\/h2>\n<ul>\n<li>Temporada baja: 8:30 &#8211; 12:00 y 16:00 &#8211; 19:30 7\/7<br \/>\nTemporada alta: 8:30 &#8211; 20:00 7\/7<\/li>\n<\/ul>\n<h2>Vida diaria:<\/h2>\n<ul>\n<li>Agua de las duchas y los lavabos: agua caliente sin l\u00edmite<\/li>\n<li>Vajilla: los visitantes disponen junto a los ba\u00f1os de fregaderos con agua caliente para lavar la vajilla<\/li>\n<li>Correo: puede ordenar que le env\u00eden su correo aqu\u00ed. Estar\u00e1 disponible en recepci\u00f3n<\/li>\n<li>Lavadora (6\u20ac, detergente incluido) y secadora (6\u20ac): Ven a recepci\u00f3n con la ropa y te entregaremos la(s) ficha(s)&#8230;<\/li>\n<\/ul>\n<h2>Restauraci\u00f3n:<\/h2>\n<p>&#8211; Nuestro \u00abGolf Gourmand\u00bb en la playa: cr\u00eapes\/galettes al momento o para llevar, bebidas, etc.<br \/>\n&#8211; Tienda de comestibles con productos locales: L&#8217;Atelier Fermier (La Clart\u00e9) https:\/\/latelierfermier.bzh<br \/>\n&#8211; Carrefour City: 2 minutos a pie. Abierto 7\/7. De 7 a 21 h \/ Dom 9 a 13 h<br \/>\n&#8211; + Muchos restaurantes\/cafeter\u00edas, etc. en la playa.<\/p>\n<h2>Personas con movilidad reducida:<\/h2>\n<p>2 cabinas de aseo disponibles para personas con movilidad reducida.<br \/>\nEstamos a su entera disposici\u00f3n para proporcionarle cualquier informaci\u00f3n adicional que facilite su estancia.<\/p>\n<h2>Seguro de cancelaci\u00f3n:<\/h2>\n<p>Opcional ( % del importe total).<\/p>\n<h2>Animales:<\/h2>\n<p>Los animales son bienvenidos, siempre que est\u00e9n vacunados y lleven correa. En los alojamientos de alquiler solo se aceptan perros de peque\u00f1o tama\u00f1o<\/p>\n<h2>Tratamiento de los residuos:<\/h2>\n<p>La ciudad ha optado por incinerar los residuos. Por ese motivo, proponemos que se separe solamente el vidrio del resto de residuos.<\/p>\n<h2>Reglamento interno:<\/h2>\n<p>Expuesto cerca de la recepci\u00f3n.<\/p>\n","protected":false},"excerpt":{"rendered":"<p>Recepci\u00f3n: Temporada baja: 8:30 &#8211; 12:00 y 16:00 &#8211; 19:30 7\/7 Temporada alta: 8:30 &#8211; 20:00 7\/7 Vida diaria: Agua de las duchas y los lavabos: agua caliente sin l\u00edmite Vajilla: los visitantes disponen junto a los ba\u00f1os de fregaderos con agua caliente para lavar la vajilla Correo: puede ordenar que le env\u00eden su correo [&hellip;]<\/p>\n","protected":false},"author":2,"featured_media":0,"parent":0,"menu_order":0,"comment_status":"open","ping_status":"open","template":"","meta":{"_acf_changed":false,"_monsterinsights_skip_tracking":false,"_monsterinsights_sitenote_active":false,"_monsterinsights_sitenote_note":"","_monsterinsights_sitenote_category":0,"footnotes":""},"class_list":["post-902","page","type-page","status-publish","hentry"],"acf":[],"aioseo_notices":[],"_links":{"self":[{"href":"https:\/\/domainedetrestraou.com\/es\/wp-json\/wp\/v2\/pages\/902","targetHints":{"allow":["GET"]}}],"collection":[{"href":"https:\/\/domainedetrestraou.com\/es\/wp-json\/wp\/v2\/pages"}],"about":[{"href":"https:\/\/domainedetrestraou.com\/es\/wp-json\/wp\/v2\/types\/page"}],"author":[{"embeddable":true,"href":"https:\/\/domainedetrestraou.com\/es\/wp-json\/wp\/v2\/users\/2"}],"replies":[{"embeddable":true,"href":"https:\/\/domainedetrestraou.com\/es\/wp-json\/wp\/v2\/comments?post=902"}],"version-history":[{"count":11,"href":"https:\/\/domainedetrestraou.com\/es\/wp-json\/wp\/v2\/pages\/902\/revisions"}],"predecessor-version":[{"id":13173,"href":"https:\/\/domainedetrestraou.com\/es\/wp-json\/wp\/v2\/pages\/902\/revisions\/13173"}],"wp:attachment":[{"href":"https:\/\/domainedetrestraou.com\/es\/wp-json\/wp\/v2\/media?parent=902"}],"curies":[{"name":"wp","href":"https:\/\/api.w.org\/{rel}","templated":true}]}}