{"id":898,"date":"2014-04-08T10:57:38","date_gmt":"2014-04-08T09:57:38","guid":{"rendered":"http:\/\/domainedetrestraou.com\/es\/mentions-legales\/"},"modified":"2017-06-30T13:36:49","modified_gmt":"2017-06-30T12:36:49","slug":"aviso-legal","status":"publish","type":"page","link":"https:\/\/domainedetrestraou.com\/es\/aviso-legal\/","title":{"rendered":"Aviso legal"},"content":{"rendered":"<h2>Empresa editora<\/h2>\n<p>DOMAINE DE TRESTRAOU\u00a0SAS<br \/>\n89 avenue du casino &#8211; 22700 Perros-Guirec\u00a0Francia<br \/>\nsi\u00e8ge social 34 bis avenue de Mirande &#8211; 33200 Bordeaux<\/p>\n<p>Responsable editorial : Mme de Beaumont<\/p>\n<p>Tel\u00e9fono: +33 (0) 6 08 99 03 93 \/ +33 (0) 2 96 23 08 11<\/p>\n<h2>Dise\u00f1o y realizaci\u00f3n<\/h2>\n<p>Herv\u00e9 Gremen \/ pilikouk.fr<br \/>\nFran\u00e7ois Deconinck \/ haveyouthinkabout.me<\/p>\n<h3>Alojamiento del sitio<\/h3>\n<p>Syntis SARL<br \/>\n2 COURS DU 30 JUILLET<br \/>\n33000 BORDEAUX\u00a0FRANCIA<\/p>\n<h3>Cr\u00e9ditos fotogr\u00e1ficos<\/h3>\n<p>Domaine de\u00a0Trestraou<br \/>\nOficina de Turismo de Perros-Guirec<\/p>\n","protected":false},"excerpt":{"rendered":"<p>Empresa editora DOMAINE DE TRESTRAOU\u00a0SAS 89 avenue du casino &#8211; 22700 Perros-Guirec\u00a0Francia si\u00e8ge social 34 bis avenue de Mirande &#8211; 33200 Bordeaux Responsable editorial : Mme de Beaumont Tel\u00e9fono: +33 (0) 6 08 99 03 93 \/ +33 (0) 2 96 23 08 11 Dise\u00f1o y realizaci\u00f3n Herv\u00e9 Gremen \/ pilikouk.fr Fran\u00e7ois Deconinck \/ haveyouthinkabout.me [&hellip;]<\/p>\n","protected":false},"author":2,"featured_media":0,"parent":0,"menu_order":0,"comment_status":"open","ping_status":"open","template":"","meta":{"_acf_changed":false,"_monsterinsights_skip_tracking":false,"_monsterinsights_sitenote_active":false,"_monsterinsights_sitenote_note":"","_monsterinsights_sitenote_category":0,"footnotes":""},"class_list":["post-898","page","type-page","status-publish","hentry"],"acf":[],"aioseo_notices":[],"_links":{"self":[{"href":"https:\/\/domainedetrestraou.com\/es\/wp-json\/wp\/v2\/pages\/898","targetHints":{"allow":["GET"]}}],"collection":[{"href":"https:\/\/domainedetrestraou.com\/es\/wp-json\/wp\/v2\/pages"}],"about":[{"href":"https:\/\/domainedetrestraou.com\/es\/wp-json\/wp\/v2\/types\/page"}],"author":[{"embeddable":true,"href":"https:\/\/domainedetrestraou.com\/es\/wp-json\/wp\/v2\/users\/2"}],"replies":[{"embeddable":true,"href":"https:\/\/domainedetrestraou.com\/es\/wp-json\/wp\/v2\/comments?post=898"}],"version-history":[{"count":7,"href":"https:\/\/domainedetrestraou.com\/es\/wp-json\/wp\/v2\/pages\/898\/revisions"}],"predecessor-version":[{"id":2641,"href":"https:\/\/domainedetrestraou.com\/es\/wp-json\/wp\/v2\/pages\/898\/revisions\/2641"}],"wp:attachment":[{"href":"https:\/\/domainedetrestraou.com\/es\/wp-json\/wp\/v2\/media?parent=898"}],"curies":[{"name":"wp","href":"https:\/\/api.w.org\/{rel}","templated":true}]}}