{"id":894,"date":"2014-04-22T14:37:28","date_gmt":"2014-04-22T13:37:28","guid":{"rendered":"http:\/\/domainedetrestraou.com\/es\/foire-aux-questions\/"},"modified":"2021-04-30T10:50:09","modified_gmt":"2021-04-30T09:50:09","slug":"preguntas-frecuentes","status":"publish","type":"page","link":"https:\/\/domainedetrestraou.com\/es\/preguntas-frecuentes\/","title":{"rendered":"Preguntas frecuentes"},"content":{"rendered":"<h3>\u00bfHay piscina?<\/h3>\n<p>Disponemos de una piscina de aprendizaje (clases de nataci\u00f3n) climatizada y descubierta.<br \/>\nAparte de eso y por el momento, nuestra piscina m\u00e1s grande es&#8230; <strong>\u00a1el mar <\/strong>que tenemos a 100 metros! \u00a1Excelente para la salud!<\/p>\n<h3>\u00bfHay actividades para los ni\u00f1os?<\/h3>\n<p>Organizamos juegos al aire libre y disponemos de una sala de juegos y televisi\u00f3n vigilada por padres.<br \/>\nEn la playa hay numerosas actividades para los ni\u00f1os programadas para medio d\u00eda, un d\u00eda entero o una semana, \u00a1para entretenerlos sin preocupaciones!<\/p>\n<h3>Alquileres: \u00bfEst\u00e1 todo incluido?<\/h3>\n<p>No olvide traer ropa de cama, toallas, y trapos de cocina. (s\u00e1banas, fundas de almohadas cuadradas y alargadas, toallas y trapos de cocina). Tambi\u00e9n ofrecemos la posibilidad de alquilar estos art\u00edculos.<\/p>\n<h3>\u00bfA partir de qu\u00e9 hora se puede llegar \/ salir?<\/h3>\n<p>En el caso de las parcelas libres, las noches se cuentan de 12:00 a 12:00 del mediod\u00eda.<br \/>\nEn el caso de los alquileres (bungal\u00f3s y mobile-homes), se aceptan llegadas a partir de las 16:00 h y salidas hasta las 10:00 h.<\/p>\n<h3><span lang=\"ES\">\u00bfCu\u00e1ndo hay que reservar en el Domaine de Trestraou?<\/span><\/h3>\n<p><span lang=\"ES\">Lo antes posible, \u00a1por supuesto!<\/span><\/p>\n","protected":false},"excerpt":{"rendered":"<p>\u00bfHay piscina? Disponemos de una piscina de aprendizaje (clases de nataci\u00f3n) climatizada y descubierta. Aparte de eso y por el momento, nuestra piscina m\u00e1s grande es&#8230; \u00a1el mar que tenemos a 100 metros! \u00a1Excelente para la salud! \u00bfHay actividades para los ni\u00f1os? Organizamos juegos al aire libre y disponemos de una sala de juegos y [&hellip;]<\/p>\n","protected":false},"author":2,"featured_media":0,"parent":0,"menu_order":0,"comment_status":"open","ping_status":"open","template":"","meta":{"_acf_changed":false,"_monsterinsights_skip_tracking":false,"_monsterinsights_sitenote_active":false,"_monsterinsights_sitenote_note":"","_monsterinsights_sitenote_category":0,"footnotes":""},"class_list":["post-894","page","type-page","status-publish","hentry"],"acf":[],"aioseo_notices":[],"_links":{"self":[{"href":"https:\/\/domainedetrestraou.com\/es\/wp-json\/wp\/v2\/pages\/894","targetHints":{"allow":["GET"]}}],"collection":[{"href":"https:\/\/domainedetrestraou.com\/es\/wp-json\/wp\/v2\/pages"}],"about":[{"href":"https:\/\/domainedetrestraou.com\/es\/wp-json\/wp\/v2\/types\/page"}],"author":[{"embeddable":true,"href":"https:\/\/domainedetrestraou.com\/es\/wp-json\/wp\/v2\/users\/2"}],"replies":[{"embeddable":true,"href":"https:\/\/domainedetrestraou.com\/es\/wp-json\/wp\/v2\/comments?post=894"}],"version-history":[{"count":8,"href":"https:\/\/domainedetrestraou.com\/es\/wp-json\/wp\/v2\/pages\/894\/revisions"}],"predecessor-version":[{"id":1790,"href":"https:\/\/domainedetrestraou.com\/es\/wp-json\/wp\/v2\/pages\/894\/revisions\/1790"}],"wp:attachment":[{"href":"https:\/\/domainedetrestraou.com\/es\/wp-json\/wp\/v2\/media?parent=894"}],"curies":[{"name":"wp","href":"https:\/\/api.w.org\/{rel}","templated":true}]}}