{"id":890,"date":"2015-01-27T10:47:13","date_gmt":"2015-01-27T09:47:13","guid":{"rendered":"http:\/\/domainedetrestraou.com\/es\/les-points-forts\/"},"modified":"2024-04-12T07:50:41","modified_gmt":"2024-04-12T06:50:41","slug":"nuestros-puntos-fuertes","status":"publish","type":"page","link":"https:\/\/domainedetrestraou.com\/es\/presentacion-de-dominio\/nuestros-puntos-fuertes\/","title":{"rendered":"Nuestros puntos fuertes"},"content":{"rendered":"<p>Un lugar tranquilo y bien situado.<\/p>\n<p>Se trata de un parque arbolado privado y familiar que invita al descanso <strong>a 100 metros de la PLAYA<\/strong>, a dos pasos de diferentes actividades tur\u00edsticas y deportivas y cerca del centro de la localidad de Perros-Guirec (15 minutos a pie).<br \/>\nEl Domaine de Trestraou ocupa una extensi\u00f3n de 4 hect\u00e1reas de <strong>naturaleza<\/strong> y ofrece<strong> 168<\/strong> parcelas reservadas fundamentalmente para tiendas de campa\u00f1a y autocaravanas, adem\u00e1s de <strong>23<\/strong> parcelas para alojamientos de alquiler con <strong>vistas al mar<\/strong> o <strong>al campo<\/strong>.<br \/>\nAqu\u00ed podr\u00e1 disfrutar de la tranquilidad y apreciar la variedad de especies del parque.<\/p>\n<h5>Servicios: comodidad en todo momento<\/h5>\n<ul>\n<li>Wifi: disponible en cualquier lugar del campamento, 30 minutos gratis, y luego extendido comprando paquetes en l\u00ednea.<\/li>\n<li>\u00a1Duchas con agua caliente sin l\u00edmite! Hay agua caliente en todas las duchas.<\/li>\n<li>Conexi\u00f3n est\u00e1ndar (6 amperios) con tomas francesas o europeas (tomas azules).<\/li>\n<li>Lavadora y secadora<\/li>\n<li>Plancha y tabla de planchar<\/li>\n<li>Zona de vaciado para autocaravanas<\/li>\n<li>Posibilidad de aparcamiento para autobuses.<\/li>\n<\/ul>\n<h5>Jeux : nombreuses occupations<\/h5>\n<ul>\n<li>Mesas de pimp\u00f3n<\/li>\n<li>Pista de voleibol<\/li>\n<li>Futbol\u00edn<\/li>\n<li>Zona de juegos para los m\u00e1s peque\u00f1os<\/li>\n<li>Sala de televisi\u00f3n, juegos de mesa, etc.<\/li>\n<li>Trampol\u00edn<\/li>\n<\/ul>\n<p><strong>+<\/strong> <strong>Actividades junto a la playa<\/strong>: tenis, minigolf, piscina de aprendizaje y cr\u00eapes para llevar<br \/>\n<strong>+<\/strong> Muchas otras actividades junto a la playa<br \/>\n<strong>+<\/strong> Muchos lugares que descubrir en la regi\u00f3n de Tr\u00e9gor y m\u00e1s all\u00e1.<\/p>\n<h5>Alimentaci\u00f3n: todo est\u00e1 cerca<\/h5>\n<p>Comida: Carrefour City a 200m<br \/>\nBombonas peque\u00f1as en el establecimiento.<br \/>\nPanader\u00eda y tienda de comestibles m\u00e1s cercanas a 100 m.<br \/>\nNumerosos comercios y supermercados en el centro de Perros-Guirec.<\/p>\n<h5><span lang=\"ES\">Animales<\/span><\/h5>\n<p>Puede tener animales dom\u00e9sticos en el alojamiento siempre que est\u00e9n vacunados, tatuados y con correa. En los alojamientos de alquiler solo se permiten perros de peque\u00f1o tama\u00f1o.<\/p>\n","protected":false},"excerpt":{"rendered":"<p>Un lugar tranquilo y bien situado. Se trata de un parque arbolado privado y familiar que invita al descanso a 100 metros de la PLAYA, a dos pasos de diferentes actividades tur\u00edsticas y deportivas y cerca del centro de la localidad de Perros-Guirec (15 minutos a pie). El Domaine de Trestraou ocupa una extensi\u00f3n de [&hellip;]<\/p>\n","protected":false},"author":2,"featured_media":0,"parent":1963,"menu_order":0,"comment_status":"open","ping_status":"closed","template":"","meta":{"_acf_changed":false,"_monsterinsights_skip_tracking":false,"_monsterinsights_sitenote_active":false,"_monsterinsights_sitenote_note":"","_monsterinsights_sitenote_category":0,"footnotes":""},"class_list":["post-890","page","type-page","status-publish","hentry"],"acf":[],"aioseo_notices":[],"_links":{"self":[{"href":"https:\/\/domainedetrestraou.com\/es\/wp-json\/wp\/v2\/pages\/890","targetHints":{"allow":["GET"]}}],"collection":[{"href":"https:\/\/domainedetrestraou.com\/es\/wp-json\/wp\/v2\/pages"}],"about":[{"href":"https:\/\/domainedetrestraou.com\/es\/wp-json\/wp\/v2\/types\/page"}],"author":[{"embeddable":true,"href":"https:\/\/domainedetrestraou.com\/es\/wp-json\/wp\/v2\/users\/2"}],"replies":[{"embeddable":true,"href":"https:\/\/domainedetrestraou.com\/es\/wp-json\/wp\/v2\/comments?post=890"}],"version-history":[{"count":15,"href":"https:\/\/domainedetrestraou.com\/es\/wp-json\/wp\/v2\/pages\/890\/revisions"}],"predecessor-version":[{"id":13161,"href":"https:\/\/domainedetrestraou.com\/es\/wp-json\/wp\/v2\/pages\/890\/revisions\/13161"}],"up":[{"embeddable":true,"href":"https:\/\/domainedetrestraou.com\/es\/wp-json\/wp\/v2\/pages\/1963"}],"wp:attachment":[{"href":"https:\/\/domainedetrestraou.com\/es\/wp-json\/wp\/v2\/media?parent=890"}],"curies":[{"name":"wp","href":"https:\/\/api.w.org\/{rel}","templated":true}]}}