{"id":4085,"date":"2022-05-31T16:08:19","date_gmt":"2022-05-31T15:08:19","guid":{"rendered":"https:\/\/domainedetrestraou.com\/informacion-practica\/camping-responsable\/"},"modified":"2022-05-31T16:12:17","modified_gmt":"2022-05-31T15:12:17","slug":"camping-eco-responsable","status":"publish","type":"page","link":"https:\/\/domainedetrestraou.com\/es\/informacion-practica\/camping-eco-responsable\/","title":{"rendered":"Camping eco-responsable"},"content":{"rendered":"<h3><strong>Nuestras instalaciones cuentan con:<\/strong><\/h3>\n<ul>\n<li>Bombillas de bajo consumo<\/li>\n<li>Ahorradores de agua integrados en duchas y grifos (excepto en los campos)<\/li>\n<li>\u00c1reas de \u00abclasificaci\u00f3n de residuos\u00bb:\n<ul>\n<li>Vidrio (contenedor VERDE)<\/li>\n<li>Papel\/cart\u00f3n\/aluminio\/pl\u00e1stico (CONTENEDORES AMARILLOS)<\/li>\n<li>Otros residuos en bolsas de basura (CONTENEDORES GRISES)<\/li>\n<li>Gas\/bater\u00edas, etc. : a depositar en la recepci\u00f3n<\/li>\n<\/ul>\n<\/li>\n<li>PLATAFORMA ACEITE ACEITE AUTOCARAVANAS:\n<ul>\n<li>Aguas residuales: en la rejilla de la plataforma<\/li>\n<li>Aguas negras (\u201ccassettes\u201d): SOLO EN EL DEP\u00d3SITO Plaza de hormig\u00f3n situada al pie del terrapl\u00e9n<\/li>\n<li>Recarga de agua (manguera disponible)<\/li>\n<\/ul>\n<\/li>\n<\/ul>\n<h3>Y t\u00fa, \u00bfqu\u00e9 puedes hacer?<\/h3>\n<ul>\n<li>Ahorro de agua:\n<ul>\n<li>Fregaderos &amp; cubos de ropa (uso de palanganas)<\/li>\n<li>Duchas<\/li>\n<li>Inf\u00f3rmenos si ve una fuga (grifo, ducha, inodoro, etc.)<\/li>\n<\/ul>\n<\/li>\n<li>Dejar limpio atr\u00e1s:\n<ul>\n<li>Escurridores de ducha y escobillas de ba\u00f1o disponibles;<\/li>\n<li>Recoger papeles (toallas de mano, papel higi\u00e9nico, etc.) que se caigan accidentalmente.<\/li>\n<\/ul>\n<\/li>\n<li>Ahorre electricidad de la red el\u00e9ctrica, tanto como sea posible<\/li>\n<li>Clasificaci\u00f3n de sus residuos<\/li>\n<li>Autocaravanas: Vierta sus aguas negras \u00daNICAMENTE en los recipientes previstos para tal fin<\/li>\n<li>Moverse a pie o en bicicleta (el\u00e9ctrica o no)<\/li>\n<li><strong>Respetar los lugares: nuestros \u00e1rboles, nuestras plantas, etc.<\/strong><\/li>\n<\/ul>\n<p><strong>\u00a1Gracias!<\/strong><\/p>\n","protected":false},"excerpt":{"rendered":"<p>Nuestras instalaciones cuentan con: Bombillas de bajo consumo Ahorradores de agua integrados en duchas y grifos (excepto en los campos) \u00c1reas de \u00abclasificaci\u00f3n de residuos\u00bb: Vidrio (contenedor VERDE) Papel\/cart\u00f3n\/aluminio\/pl\u00e1stico (CONTENEDORES AMARILLOS) Otros residuos en bolsas de basura (CONTENEDORES GRISES) Gas\/bater\u00edas, etc. : a depositar en la recepci\u00f3n PLATAFORMA ACEITE ACEITE AUTOCARAVANAS: Aguas residuales: en la [&hellip;]<\/p>\n","protected":false},"author":13,"featured_media":0,"parent":902,"menu_order":0,"comment_status":"closed","ping_status":"closed","template":"","meta":{"_acf_changed":false,"_monsterinsights_skip_tracking":false,"_monsterinsights_sitenote_active":false,"_monsterinsights_sitenote_note":"","_monsterinsights_sitenote_category":0,"footnotes":""},"class_list":["post-4085","page","type-page","status-publish","hentry"],"acf":[],"aioseo_notices":[],"_links":{"self":[{"href":"https:\/\/domainedetrestraou.com\/es\/wp-json\/wp\/v2\/pages\/4085","targetHints":{"allow":["GET"]}}],"collection":[{"href":"https:\/\/domainedetrestraou.com\/es\/wp-json\/wp\/v2\/pages"}],"about":[{"href":"https:\/\/domainedetrestraou.com\/es\/wp-json\/wp\/v2\/types\/page"}],"author":[{"embeddable":true,"href":"https:\/\/domainedetrestraou.com\/es\/wp-json\/wp\/v2\/users\/13"}],"replies":[{"embeddable":true,"href":"https:\/\/domainedetrestraou.com\/es\/wp-json\/wp\/v2\/comments?post=4085"}],"version-history":[{"count":3,"href":"https:\/\/domainedetrestraou.com\/es\/wp-json\/wp\/v2\/pages\/4085\/revisions"}],"predecessor-version":[{"id":4098,"href":"https:\/\/domainedetrestraou.com\/es\/wp-json\/wp\/v2\/pages\/4085\/revisions\/4098"}],"up":[{"embeddable":true,"href":"https:\/\/domainedetrestraou.com\/es\/wp-json\/wp\/v2\/pages\/902"}],"wp:attachment":[{"href":"https:\/\/domainedetrestraou.com\/es\/wp-json\/wp\/v2\/media?parent=4085"}],"curies":[{"name":"wp","href":"https:\/\/api.w.org\/{rel}","templated":true}]}}