{"id":4054,"date":"2022-05-31T15:43:10","date_gmt":"2022-05-31T14:43:10","guid":{"rendered":"https:\/\/domainedetrestraou.com\/accessibilite\/"},"modified":"2022-05-31T15:51:48","modified_gmt":"2022-05-31T14:51:48","slug":"accesibilidad","status":"publish","type":"page","link":"https:\/\/domainedetrestraou.com\/es\/accesibilidad\/","title":{"rendered":"Accesibilidad"},"content":{"rendered":"<p><strong>Debido a su geograf\u00eda, Domaine de Trestraou Camping *** est\u00e1 naturalmente adaptado al tr\u00e1fico de sillas de ruedas.<\/strong><\/p>\n<p>1- El camino principal est\u00e1 pavimentado.<br \/>\n2- Varios largos muy llanos bordean el camino principal.<br \/>\n3- Dependiendo de la situaci\u00f3n:<\/p>\n<ul>\n<li>El acceso a los aseos principales (frente a la recepci\u00f3n) se realiza mediante una ligera pendiente:<\/li>\n<li>En el bloque de la izquierda:\n<ul>\n<li>Ba\u00f1o para discapacitados cerca de los otros ba\u00f1os +<\/li>\n<li>Cesto de ropa adaptado en la parte trasera.<\/li>\n<\/ul>\n<\/li>\n<li>Un ba\u00f1o PMR est\u00e1 ubicado en el coraz\u00f3n del terreno, accesible para sillas de ruedas a trav\u00e9s de una pendiente adaptada. La llave se entrega a la llegada en la recepci\u00f3n.<\/li>\n<\/ul>\n<p>4- \u00a1El acceso a la PLAYA est\u00e1 en la planta baja!<\/p>\n<p>5- En la playa, para ir por la arena, hay:<\/p>\n<ul>\n<li>La rampa para botes al llegar<\/li>\n<li>O en el otro extremo de la playa, otra rampa, frente al puesto de socorristas (bajo bandera verde).<\/li>\n<\/ul>\n<p>6- Para la nataci\u00f3n se dispone en el puesto de socorrista (bajo bandera verde) de un sill\u00f3n adaptado resistente al agua de mar.<br \/>\n7- Se puede acceder al muelle para la excursi\u00f3n a las 7 islas en un solo nivel.<br \/>\n8- Puedes acceder a la panader\u00eda en un nivel.<br \/>\n9- En Trestraou, puede tomar la lanzadera \u201cMACAREUX\u201d para ir a otros lugares de Perros-Guirec o Tr\u00e9gastel. O tome el autob\u00fas para ir m\u00e1s all\u00e1 (estaci\u00f3n de Lannion, por ejemplo). La parada m\u00e1s cercana se encuentra, saliendo del camping, a la izquierda, cruzando la calle, frente al parking\/parque infantil.<\/p>\n<p><strong>Estamos particularmente presentes para responder a sus solicitudes; tambi\u00e9n no dude en hac\u00e9rnoslo saber.<\/strong><\/p>\n<p><strong>RECEPCI\u00d3N: 06 08 99 03 93<\/strong><\/p>\n<p><strong>\u00a1Le deseamos una excelente estancia en Perros!<\/strong><\/p>\n","protected":false},"excerpt":{"rendered":"<p>Debido a su geograf\u00eda, Domaine de Trestraou Camping *** est\u00e1 naturalmente adaptado al tr\u00e1fico de sillas de ruedas. 1- El camino principal est\u00e1 pavimentado. 2- Varios largos muy llanos bordean el camino principal. 3- Dependiendo de la situaci\u00f3n: El acceso a los aseos principales (frente a la recepci\u00f3n) se realiza mediante una ligera pendiente: En [&hellip;]<\/p>\n","protected":false},"author":13,"featured_media":0,"parent":0,"menu_order":0,"comment_status":"closed","ping_status":"closed","template":"","meta":{"_acf_changed":false,"_monsterinsights_skip_tracking":false,"_monsterinsights_sitenote_active":false,"_monsterinsights_sitenote_note":"","_monsterinsights_sitenote_category":0,"footnotes":""},"class_list":["post-4054","page","type-page","status-publish","hentry"],"acf":[],"aioseo_notices":[],"_links":{"self":[{"href":"https:\/\/domainedetrestraou.com\/es\/wp-json\/wp\/v2\/pages\/4054","targetHints":{"allow":["GET"]}}],"collection":[{"href":"https:\/\/domainedetrestraou.com\/es\/wp-json\/wp\/v2\/pages"}],"about":[{"href":"https:\/\/domainedetrestraou.com\/es\/wp-json\/wp\/v2\/types\/page"}],"author":[{"embeddable":true,"href":"https:\/\/domainedetrestraou.com\/es\/wp-json\/wp\/v2\/users\/13"}],"replies":[{"embeddable":true,"href":"https:\/\/domainedetrestraou.com\/es\/wp-json\/wp\/v2\/comments?post=4054"}],"version-history":[{"count":2,"href":"https:\/\/domainedetrestraou.com\/es\/wp-json\/wp\/v2\/pages\/4054\/revisions"}],"predecessor-version":[{"id":4063,"href":"https:\/\/domainedetrestraou.com\/es\/wp-json\/wp\/v2\/pages\/4054\/revisions\/4063"}],"wp:attachment":[{"href":"https:\/\/domainedetrestraou.com\/es\/wp-json\/wp\/v2\/media?parent=4054"}],"curies":[{"name":"wp","href":"https:\/\/api.w.org\/{rel}","templated":true}]}}