{"id":3646,"date":"2020-04-08T09:08:08","date_gmt":"2020-04-08T08:08:08","guid":{"rendered":"http:\/\/domainedetrestraou.com\/vie-privee\/"},"modified":"2021-04-30T10:49:29","modified_gmt":"2021-04-30T09:49:29","slug":"vie-privee","status":"publish","type":"page","link":"https:\/\/domainedetrestraou.com\/es\/vie-privee\/","title":{"rendered":"Vida privada"},"content":{"rendered":"\n<p><\/p>\n\n\n\n<h3 class=\"wp-block-heading\">Datos privados recopilados directamente:<br><\/h3>\n\n\n\n<p>Estos son el Nombre y la direcci\u00f3n de correo electr\u00f3nico recopilados mediante el formulario de solicitud de informaci\u00f3n.<br>\nDespu\u00e9s del procesamiento, Domaine de Trestraou los mantiene en su base de datos de clientes. El per\u00edodo de tenencia es igual al de los datos contables obligatorios.<br>\nOficial de protecci\u00f3n de datos: Madame De Beaumont.<\/p>\n\n\n\n<p>Ninguno de nuestros datos se vende, ni siquiera se usa para campa\u00f1as publicitarias.<\/p>\n\n\n\n<h3 class=\"wp-block-heading\">Datos recopilados indirectamente:<\/h3>\n\n\n\n<p>Al hacer una reserva, a trav\u00e9s del editor de nuestro software de ventas en l\u00ednea Ctouvert.<br>Ctouvert : +33 5 61 47 23 53 &#8211; <a class=\"\" href=\"http:\/\/www.ctouvert.com\">www.ctouvert.com<\/a><br>Despu\u00e9s del procesamiento, Domaine de Trestraou conserva los datos recopilados por Ctouvert en su base de datos de clientes. El per\u00edodo de tenencia es igual al de los datos contables obligatorios.<br> Oficial de protecci\u00f3n de datos: Madame De Beaumont.<\/p>\n\n\n\n<p> Ninguno de nuestros datos se vende, ni siquiera se usa para campa\u00f1as publicitarias. <\/p>\n\n\n<p><!--EndFragment--><\/p>\n<p><\/p>","protected":false},"excerpt":{"rendered":"<p>Datos privados recopilados directamente: Estos son el Nombre y la direcci\u00f3n de correo electr\u00f3nico recopilados mediante el formulario de solicitud de informaci\u00f3n. Despu\u00e9s del procesamiento, Domaine de Trestraou los mantiene en su base de datos de clientes. El per\u00edodo de tenencia es igual al de los datos contables obligatorios. Oficial de protecci\u00f3n de datos: Madame [&hellip;]<\/p>\n","protected":false},"author":13,"featured_media":0,"parent":0,"menu_order":0,"comment_status":"closed","ping_status":"closed","template":"","meta":{"_acf_changed":false,"_monsterinsights_skip_tracking":false,"_monsterinsights_sitenote_active":false,"_monsterinsights_sitenote_note":"","_monsterinsights_sitenote_category":0,"footnotes":""},"class_list":["post-3646","page","type-page","status-publish","hentry"],"acf":[],"aioseo_notices":[],"_links":{"self":[{"href":"https:\/\/domainedetrestraou.com\/es\/wp-json\/wp\/v2\/pages\/3646","targetHints":{"allow":["GET"]}}],"collection":[{"href":"https:\/\/domainedetrestraou.com\/es\/wp-json\/wp\/v2\/pages"}],"about":[{"href":"https:\/\/domainedetrestraou.com\/es\/wp-json\/wp\/v2\/types\/page"}],"author":[{"embeddable":true,"href":"https:\/\/domainedetrestraou.com\/es\/wp-json\/wp\/v2\/users\/13"}],"replies":[{"embeddable":true,"href":"https:\/\/domainedetrestraou.com\/es\/wp-json\/wp\/v2\/comments?post=3646"}],"version-history":[{"count":3,"href":"https:\/\/domainedetrestraou.com\/es\/wp-json\/wp\/v2\/pages\/3646\/revisions"}],"predecessor-version":[{"id":3682,"href":"https:\/\/domainedetrestraou.com\/es\/wp-json\/wp\/v2\/pages\/3646\/revisions\/3682"}],"wp:attachment":[{"href":"https:\/\/domainedetrestraou.com\/es\/wp-json\/wp\/v2\/media?parent=3646"}],"curies":[{"name":"wp","href":"https:\/\/api.w.org\/{rel}","templated":true}]}}