{"id":699,"date":"2014-04-15T16:06:51","date_gmt":"2014-04-15T15:06:51","guid":{"rendered":"http:\/\/domainedetrestraou.com\/en\/accueil\/"},"modified":"2023-11-13T11:10:43","modified_gmt":"2023-11-13T10:10:43","slug":"accueil","status":"publish","type":"page","link":"https:\/\/domainedetrestraou.com\/en\/","title":{"rendered":"Welcome"},"content":{"rendered":"<p>Domaine de Trestraou is the ideal * * * place to stay for a holiday on the Pink Granite Coast.<\/p>\n<p>This <strong>calm, green, family-friendly<\/strong> site, spread across 3 hectares of countryside, has been welcoming tourists eager to discover the culture and wildlife of Brittany since 1920. We guarantee you a memorable experience:<\/p>\n<p>The largest <strong>beach <\/strong>in Perros-Guirec is only <strong>100 m away.\u00a0 <\/strong>It offers easy access to the Sept-Iles archipelago.<\/p>\n<p><strong>Our location is incredibly convenient, with everything you need between 5 and 15 mins&#8217; walk away!<\/strong><\/p>\n<p>On the beach, you can find: the GR34 coastal path (leading to the pink granite rocks of Ploumanac&#8217;h), boat trips to Sept-Iles, thermal baths, sailing, surfing, tennis, mini golf, children&#8217;s beach club, swimming pool for learners, cinema, casino, cultural and sporting events, shops, restaurants&#8230;<\/p>\n<p>The centre of Perros-Guirec is only 15 mins&#8217; walk away.<\/p>\n<p>Ploumanac&#8217;h was chosen by TV viewers as <em>Le village pr\u00e9f\u00e9r\u00e9 des fran\u00e7ais <\/em>(&#8220;France&#8217;s Favourite Village&#8221;) in 2015.<\/p>\n<p class=\"western\"><img loading=\"lazy\" decoding=\"async\" class=\"alignnone size-full wp-image-669\" src=\"http:\/\/domainedetrestraou.com\/wp-content\/uploads\/2014\/04\/LVPDF_2015.jpg\" alt=\"LVPDF_2015\" width=\"250\" height=\"126\" srcset=\"https:\/\/domainedetrestraou.com\/wp-content\/uploads\/2014\/04\/LVPDF_2015.jpg 250w, https:\/\/domainedetrestraou.com\/wp-content\/uploads\/2014\/04\/LVPDF_2015-150x76.jpg 150w\" sizes=\"auto, (max-width: 250px) 100vw, 250px\" \/><img loading=\"lazy\" decoding=\"async\" class=\"alignnone size-full wp-image-4022\" src=\"https:\/\/domainedetrestraou.com\/wp-content\/uploads\/2022\/05\/camping2be-winner-2022.png\" alt=\"\" width=\"180\" height=\"180\" srcset=\"https:\/\/domainedetrestraou.com\/wp-content\/uploads\/2022\/05\/camping2be-winner-2022.png 180w, https:\/\/domainedetrestraou.com\/wp-content\/uploads\/2022\/05\/camping2be-winner-2022-150x150.png 150w\" sizes=\"auto, (max-width: 180px) 100vw, 180px\" \/><img loading=\"lazy\" decoding=\"async\" class=\"alignnone wp-image-3936\" src=\"https:\/\/domainedetrestraou.com\/wp-content\/uploads\/2021\/11\/ANWB-2021-13010-fr.jpeg\" alt=\"\" width=\"146\" height=\"146\" srcset=\"https:\/\/domainedetrestraou.com\/wp-content\/uploads\/2021\/11\/ANWB-2021-13010-fr.jpeg 240w, https:\/\/domainedetrestraou.com\/wp-content\/uploads\/2021\/11\/ANWB-2021-13010-fr-150x150.jpeg 150w\" sizes=\"auto, (max-width: 146px) 100vw, 146px\" \/><\/p>\n<p><strong>The Domaine de Trestraou and all its team are committed and give themselves the necessary means to respect the health protocol of the FNHPA<\/strong><\/p>\n<p><img decoding=\"async\" src=\"https:\/\/cdn.webikeo.com\/webinar_logo\/2020-05-13-c231b5d77d7a7af27599c67e59dbc1b2.png\" \/><\/p>\n<p>Prepare your itinerant or day hike on the Sentier des Douaniers in Brittany with itirando !<br \/>\n<a href=\"https:\/\/itirando.bzh\/\" target=\"_blank\" rel=\"noopener\"><img loading=\"lazy\" decoding=\"async\" class=\"alignnone wp-image-10652 size-thumbnail\" src=\"https:\/\/domainedetrestraou.com\/wp-content\/uploads\/2023\/11\/Logo-1410-x-1410-150x150.jpg\" alt=\"itirando, Prepare your itinerant or day hike on gr34\" width=\"150\" height=\"150\" srcset=\"https:\/\/domainedetrestraou.com\/wp-content\/uploads\/2023\/11\/Logo-1410-x-1410-150x150.jpg 150w, https:\/\/domainedetrestraou.com\/wp-content\/uploads\/2023\/11\/Logo-1410-x-1410-300x298.jpg 300w, https:\/\/domainedetrestraou.com\/wp-content\/uploads\/2023\/11\/Logo-1410-x-1410-1208x1200.jpg 1208w, https:\/\/domainedetrestraou.com\/wp-content\/uploads\/2023\/11\/Logo-1410-x-1410-768x763.jpg 768w, https:\/\/domainedetrestraou.com\/wp-content\/uploads\/2023\/11\/Logo-1410-x-1410.jpg 1420w\" sizes=\"auto, (max-width: 150px) 100vw, 150px\" \/><\/a><\/p>\n","protected":false},"excerpt":{"rendered":"<p>Domaine de Trestraou is the ideal * * * place to stay for a holiday on the Pink Granite Coast. This calm, green, family-friendly site, spread across 3 hectares of countryside, has been welcoming tourists eager to discover the culture and wildlife of Brittany since 1920. We guarantee you a memorable experience: The largest beach [&hellip;]<\/p>\n","protected":false},"author":2,"featured_media":0,"parent":0,"menu_order":0,"comment_status":"open","ping_status":"open","template":"template-accueil.php","meta":{"_acf_changed":false,"_monsterinsights_skip_tracking":false,"_monsterinsights_sitenote_active":false,"_monsterinsights_sitenote_note":"","_monsterinsights_sitenote_category":0,"footnotes":""},"class_list":["post-699","page","type-page","status-publish","hentry"],"acf":[],"aioseo_notices":[],"_links":{"self":[{"href":"https:\/\/domainedetrestraou.com\/en\/wp-json\/wp\/v2\/pages\/699","targetHints":{"allow":["GET"]}}],"collection":[{"href":"https:\/\/domainedetrestraou.com\/en\/wp-json\/wp\/v2\/pages"}],"about":[{"href":"https:\/\/domainedetrestraou.com\/en\/wp-json\/wp\/v2\/types\/page"}],"author":[{"embeddable":true,"href":"https:\/\/domainedetrestraou.com\/en\/wp-json\/wp\/v2\/users\/2"}],"replies":[{"embeddable":true,"href":"https:\/\/domainedetrestraou.com\/en\/wp-json\/wp\/v2\/comments?post=699"}],"version-history":[{"count":24,"href":"https:\/\/domainedetrestraou.com\/en\/wp-json\/wp\/v2\/pages\/699\/revisions"}],"predecessor-version":[{"id":10665,"href":"https:\/\/domainedetrestraou.com\/en\/wp-json\/wp\/v2\/pages\/699\/revisions\/10665"}],"wp:attachment":[{"href":"https:\/\/domainedetrestraou.com\/en\/wp-json\/wp\/v2\/media?parent=699"}],"curies":[{"name":"wp","href":"https:\/\/api.w.org\/{rel}","templated":true}]}}