{"id":878,"date":"2015-02-10T18:21:48","date_gmt":"2015-02-10T17:21:48","guid":{"rendered":"http:\/\/domainedetrestraou.com\/de\/informations-pratiques\/"},"modified":"2024-04-12T08:07:31","modified_gmt":"2024-04-12T07:07:31","slug":"nuetzliche-hinweise","status":"publish","type":"page","link":"https:\/\/domainedetrestraou.com\/de\/nuetzliche-hinweise\/","title":{"rendered":"N\u00fctzliche Hinweise"},"content":{"rendered":"<h2>Rezeption:<\/h2>\n<ul>\n<li>Nebensaison: 8:30 &#8211; 12:00 und 16:00 &#8211; 19:30 Uhr 7\/7<br \/>\nHochsaison: 8:30 &#8211; 20:00 Uhr 7\/7<\/li>\n<\/ul>\n<h2>F\u00fcr einen komfortablen Aufenthalt:<\/h2>\n<ul>\n<li>Duschen\/Waschbecken: unbegrenzt Warmwasser<\/li>\n<li>Geschirr\/K\u00fcchenutensilien: Sp\u00fclbecken im Au\u00dfenbereich der Sanit\u00e4ranlagen<\/li>\n<li>Postempfang: Sie k\u00f6nnen sich Ihre Post zu uns schicken lassen und an der Rezeption abholen.<\/li>\n<li>Waschmaschine (6 \u20ac, Waschmittel vorhanden) und Trockner (6 \u20ac): Kommen Sie mit W\u00e4sche zur Rezeption und wir geben Ihnen die Wertmarke(n)&#8230;<\/li>\n<\/ul>\n<h2>Gastronomische Einrichtungen:<\/h2>\n<p>&#8211; Unser &#8222;Golf Gourmand&#8220; am Strand: Cr\u00eapes\/Galettes vor Ort oder zum Mitnehmen, Getr\u00e4nke etc.<br \/>\n&#8211; Lebensmittelgesch\u00e4ft mit lokalen Produkten: L&#8217;Atelier Fermier (La Clart\u00e9) https:\/\/latelierfermier.bzh<br \/>\n&#8211; Carrefour City: 2 Minuten zu Fu\u00df. Ge\u00f6ffnet 7\/7. Von 7.00 bis 21.00 Uhr \/ So 9.00 bis 13.00 Uhr<br \/>\n&#8211; + Viele Restaurants\/Caf\u00e9s etc. am Strand.<\/p>\n<h2>Personen mit eingeschr\u00e4nkter Mobilit\u00e4t:<\/h2>\n<p>2 PEM-Waschkabinen verf\u00fcgbar.<br \/>\nF\u00fcr weitere Informationen stehen wir Ihnen jederzeit zur Verf\u00fcgung, denn wir m\u00f6chten Ihren Aufenthalt so angenehm und bequem wie m\u00f6glich gestalten.<\/p>\n<h2>Reiser\u00fccktrittsversicherung:<\/h2>\n<p>Optional gegen Aufpreis (% des Gesamtbetrags).<\/p>\n<h2>Haustiere:<\/h2>\n<p>Haustiere sind willkommen, sofern sie geimpft und t\u00e4towiert sind. Hunde m\u00fcssen an der Leine gef\u00fchrt werden. In den Mietunterk\u00fcnften sind nur kleine Hunde gestattet.<\/p>\n<h2>Abfallentsorgung:<\/h2>\n<p><span lang=\"DE\">Die Abf\u00e4lle der Stadt Perros-Guirec werden in einer M\u00fcllverbrennungsanlage entsorgt. Auf dem Gel\u00e4nde der Anlage stehen daher nur Glas-Container bereit. Die restlichen Abf\u00e4lle werden nicht getrennt.<\/span><\/p>\n<h2>Platzordnung:<\/h2>\n<p>Aushang im Bereich der Rezeption.<\/p>\n","protected":false},"excerpt":{"rendered":"<p>Rezeption: Nebensaison: 8:30 &#8211; 12:00 und 16:00 &#8211; 19:30 Uhr 7\/7 Hochsaison: 8:30 &#8211; 20:00 Uhr 7\/7 F\u00fcr einen komfortablen Aufenthalt: Duschen\/Waschbecken: unbegrenzt Warmwasser Geschirr\/K\u00fcchenutensilien: Sp\u00fclbecken im Au\u00dfenbereich der Sanit\u00e4ranlagen Postempfang: Sie k\u00f6nnen sich Ihre Post zu uns schicken lassen und an der Rezeption abholen. Waschmaschine (6 \u20ac, Waschmittel vorhanden) und Trockner (6 \u20ac): Kommen [&hellip;]<\/p>\n","protected":false},"author":2,"featured_media":0,"parent":0,"menu_order":0,"comment_status":"open","ping_status":"open","template":"","meta":{"_acf_changed":false,"_monsterinsights_skip_tracking":false,"_monsterinsights_sitenote_active":false,"_monsterinsights_sitenote_note":"","_monsterinsights_sitenote_category":0,"footnotes":""},"class_list":["post-878","page","type-page","status-publish","hentry"],"acf":[],"aioseo_notices":[],"_links":{"self":[{"href":"https:\/\/domainedetrestraou.com\/de\/wp-json\/wp\/v2\/pages\/878","targetHints":{"allow":["GET"]}}],"collection":[{"href":"https:\/\/domainedetrestraou.com\/de\/wp-json\/wp\/v2\/pages"}],"about":[{"href":"https:\/\/domainedetrestraou.com\/de\/wp-json\/wp\/v2\/types\/page"}],"author":[{"embeddable":true,"href":"https:\/\/domainedetrestraou.com\/de\/wp-json\/wp\/v2\/users\/2"}],"replies":[{"embeddable":true,"href":"https:\/\/domainedetrestraou.com\/de\/wp-json\/wp\/v2\/comments?post=878"}],"version-history":[{"count":12,"href":"https:\/\/domainedetrestraou.com\/de\/wp-json\/wp\/v2\/pages\/878\/revisions"}],"predecessor-version":[{"id":13171,"href":"https:\/\/domainedetrestraou.com\/de\/wp-json\/wp\/v2\/pages\/878\/revisions\/13171"}],"wp:attachment":[{"href":"https:\/\/domainedetrestraou.com\/de\/wp-json\/wp\/v2\/media?parent=878"}],"curies":[{"name":"wp","href":"https:\/\/api.w.org\/{rel}","templated":true}]}}