{"id":870,"date":"2014-04-08T11:08:14","date_gmt":"2014-04-08T10:08:14","guid":{"rendered":"http:\/\/domainedetrestraou.com\/de\/cgv\/"},"modified":"2022-06-24T11:18:00","modified_gmt":"2022-06-24T10:18:00","slug":"allgemeine-geschaeftsbedingungen","status":"publish","type":"page","link":"https:\/\/domainedetrestraou.com\/de\/allgemeine-geschaeftsbedingungen\/","title":{"rendered":"Allgemeine Gesch\u00e4ftsbedingungen"},"content":{"rendered":"<h2>Buchung<\/h2>\n<h3>Stellplatz:<\/h3>\n<ul>\n<li>In der Grundpauschale f\u00fcr den Stellplatz sind die folgenden Leistungen enthalten:\u00a0Aufstellen der mobilen Unterkunft (Zelt, Wohnwagen oder Wohnmobil), 1 oder 2 Personen je nach gew\u00e4hlter Pauschale (Pauschale f\u00fcr 1 Person oder Pauschale f\u00fcr 2 Personen), Zugang zu den Sanit\u00e4ranlagen und den Einrichtungen im Empfangsbereich.<\/li>\n<li><strong>Die Preise verstehen sich pro Person <\/strong>und nicht pro Stellplatz.<\/li>\n<li>Die Stromkosten (europ\u00e4ische Steckdosen mit einer Stromst\u00e4rke von 6 Ampere) sind nicht in der Grundpauschale inbegriffen und werden separat abgerechnet.<\/li>\n<li>Im Juli und August gilt f\u00fcr die\u00a0<strong>Buchung eines Stellplatzes ein Mindestaufenthalt von\u00a0<\/strong><strong>1 Nacht<\/strong>.<\/li>\n<li>Am Anreisetag stehen Ihnen die Stellpl\u00e4tze<strong> ab 12:00 Uhr <\/strong>zur Verf\u00fcgung. Am Abreisetag m\u00fcssen die Stellpl\u00e4tze\u00a0<strong>bis sp\u00e4testens 12:00 Uhr\u00a0<\/strong>verlassen werden.<\/li>\n<\/ul>\n<h3>Mietunterkunft:<\/h3>\n<ul>\n<li><strong>Mindestaufenthalt f\u00fcr die Buchung einer Mietunterkunft = 7 N\u00e4chte\u00a0(von Samstag bis Samstag)<\/strong>.<\/li>\n<li><strong><strong>Die Mietunterk\u00fcnfte\u00a0<\/strong><\/strong><strong>stehen Ihnen am Anreisetag ab 16:00 Uhr zur Verf\u00fcgung und m\u00fcssen am Abreisetag bis sp\u00e4testens 10:00 Uhr verlassen werden<\/strong>.<\/li>\n<li>Unsere Mietunterk\u00fcnfte verf\u00fcgen jeweils \u00fcber eine komplette Ausstattung mit Geschirr und K\u00fcchenutensilien. Bettdecken und Kopfkissen sind vorhanden (siehe Inventarliste).<\/li>\n<li>Bettlaken und Kopfkissenbez\u00fcge werden nicht gestellt, k\u00f6nnen jedoch gegen einen Aufpreis ausgeliehen werden.<\/li>\n<li>Bei Ihrer Ankunft wird bei der Schl\u00fcssel\u00fcbergabe eine Kaution von 300 \u20ac + 80 \u20ac (Unterkunft + Reinigung) verlangt und Ihnen wird eine Bestandsaufnahme ausgeh\u00e4ndigt.<\/li>\n<li>Sollten Inventargegenst\u00e4nde fehlen oder besch\u00e4digt sein, ist dies am Anreisetag unverz\u00fcglich der Rezeption mitzuteilen.<\/li>\n<\/ul>\n<p><i><em>Der Gast muss \u00fcber eine f\u00fcr den Aufenthalt in Frankreich g\u00fcltige private Haftpflichtversicherung verf\u00fcgen, die s\u00e4mtliche von ihm verursachte Mietsachsch\u00e4den abdeckt.<\/em><\/i><br \/>\n<i><em>Der Betreiber beh\u00e4lt sich das Recht vor, Familien und\/oder Gruppen den Zugang zum Stellplatz oder der Mietunterkunft zu verweigern, falls die Anzahl der G\u00e4ste die vorgesehene Maximalbelegung der gemieteten Unterkunft \u00fcbersteigt oder die Anzahl von Erwachsenen und Kindern nicht den Angaben bei der Buchung entspricht.<\/em><\/i><br \/>\n<i><em>Die Namen in der Buchungsbest\u00e4tigung m\u00fcssen mit den Namen der anreisenden G\u00e4ste \u00fcbereinstimmen und k\u00f6nnen nicht ohne unser Einverst\u00e4ndnis ge\u00e4ndert werden.<\/em><\/i><br \/>\n<i><em>Die Unterkunft muss in einwandfreiem, sauberen Zustand zur\u00fcckgegeben werden.<\/em>\u00a0Das Inventar ist zu \u00fcberpr\u00fcfen. <em>Die Kosten f\u00fcr zerbrochene oder besch\u00e4digte Gegenst\u00e4nde sowie etwaige Instandsetzungsarbeiten sind von Ihnen zu tragen<\/em>.<\/i><br \/>\n<i><em>Nach erfolgreicher\u00a0Kontrolle der Unterkunft und ordnungsgem\u00e4\u00dfer\u00a0Schl\u00fcsselr\u00fcckgabe wird Ihnen die Kaution zur\u00fcckerstattet<\/em>.<\/i><\/p>\n<h3>Reservierungsgeb\u00fchren:<\/h3>\n<ul>\n<li>Reservierungsgeb\u00fchren fallen nicht an.<\/li>\n<\/ul>\n<h2>Zahlungsmodalit\u00e4ten:<\/h2>\n<ul>\n<li>Bei Buchungen <strong>mehr als 30 Tage<\/strong> vor dem geplanten Anreisetag ist zum Zeitpunkt der Buchung eine Anzahlung in H\u00f6he von <strong>30 %<\/strong> des gesamten Buchungsbetrags zu leisten.<\/li>\n<li>Der Restbetrag (<strong>70 %<\/strong>) ist <strong>30 Tage vor<\/strong> dem geplanten Anreisedatum zu entrichten.\u00a0Sie erhalten eine Zahlungsbest\u00e4tigung.<\/li>\n<li>Bei Buchungen <strong>weniger als 30 Tage\u00a0<\/strong>vor dem geplanten Anreisedatum ist der <strong>gesamte<\/strong> Buchungsbetrag direkt bei der Buchung f\u00e4llig.<\/li>\n<\/ul>\n<h3>Versp\u00e4tete Anreise \/ Umbuchung\u00a0\/ Vorzeitige Abreise \/ Stornierung:<\/h3>\n<ul>\n<li>Im Falle einer versp\u00e4teten Anreise bleibt der Stellplatz (die Mietunterkunft) bis zum Folgetag um 12:00 Uhr f\u00fcr Sie reserviert. Nach diesem Zeitpunkt wird der Stellplatz (die Mietunterkunft) wieder zur Vermietung freigegeben.<\/li>\n<li>\u00c4nderungen von best\u00e4tigten Buchungen sind kostenfrei m\u00f6glich, unterliegen jedoch der Verf\u00fcgbarkeit.<\/li>\n<li>F\u00fcr von Ihnen unterbrochene oder verk\u00fcrzte Aufenthalte (versp\u00e4tete Anreise, vorzeitige Abreise) besteht kein Anspruch auf R\u00fcckerstattung, sofern\u00a0Sie bei der Buchung nicht die Option &#8222;Reiser\u00fccktrittsversicherung&#8220; gew\u00e4hlt haben.<\/li>\n<li>S\u00e4mtliche R\u00fccktritte bed\u00fcrfen der Schriftform.<\/li>\n<li>Bei einem Reiser\u00fccktritt mehr als 30 Tage vor dem Anreisetag wird die Anzahlung einbehalten.<\/li>\n<li>Bei einem Reiser\u00fccktritt weniger als 30 Tage vor dem Anreisetag werden alle geleisteten Zahlungen einbehalten.<\/li>\n<li>Der Gesamtbetrag der Buchung muss 1 Monat vor dem Anreisetag vollst\u00e4ndig bezahlt sein.<\/li>\n<\/ul>\n<h3>Tourismusabgabe:<\/h3>\n<ul>\n<li>Die Tourismusabgabe wird vom 01. Januar bis zum 31. Dezember f\u00fcr alle Personen \u00fcber 18 Jahren erhoben.<\/li>\n<\/ul>\n<h3>Haustiere:<\/h3>\n<ul>\n<li>Haustiere sind gegen eine zus\u00e4tzliche Geb\u00fchr\u00a0gestattet, die zum Zeitpunkt der Buchung f\u00e4llig ist.<\/li>\n<li>Hunde sind an der Leine zu f\u00fchren und m\u00fcssen t\u00e4towiert sowie\u00a0geimpft sein. Bei der Ankunft ist an der Rezeption ein g\u00fcltiger Impfpass vorzulegen.<\/li>\n<li>In den Mietunterk\u00fcnften sind nur kleine Hunde gestattet.<\/li>\n<\/ul>\n<h3>Platzordnung:<\/h3>\n<ul>\n<li>Alle G\u00e4ste sind zur Einhaltung der Platzordnung verpflichtet, die im Empfangsbereich ausgeh\u00e4ngt ist. Es ist insbesondere untersagt:<\/li>\n<li>&#8211; nach 23:00 Uhr L\u00e4rm zu verursachen,<\/li>\n<li>&#8211; sich so zu verhalten, dass andere G\u00e4ste gef\u00e4hrdet oder gesch\u00e4digt werden k\u00f6nnten.<\/li>\n<li>Der Betreiber beh\u00e4lt sich das Recht vor, bei groben Verst\u00f6\u00dfen gegen die Platzordnung eine fristlose K\u00fcndigung auszusprechen. Der Ausschluss berechtigt\u00a0weder zu einer Ausgleichszahlung, noch zu einer Entsch\u00e4digung.<\/li>\n<li>Der Betreiber der Anlage \u00fcbernimmt keinerlei Verantwortung oder Haftung f\u00fcr:<\/li>\n<li>&#8211;\u00a0Jegliche Nachteile oder Beeintr\u00e4chtigungen, die Ihnen durch die Nutzung des WLAN-Netzes oder des Online-Buchungssystems entstehen.<\/li>\n<\/ul>\n<h3>Bildrechte<\/h3>\n<p>Alle Urlauber erm\u00e4chtigen die Einrichtung, sie ohne Entsch\u00e4digung zu fotografieren \/ zu filmen, um die Website oder andere Kommunikationsmedien bereitzustellen.<\/p>\n","protected":false},"excerpt":{"rendered":"<p>Buchung Stellplatz: In der Grundpauschale f\u00fcr den Stellplatz sind die folgenden Leistungen enthalten:\u00a0Aufstellen der mobilen Unterkunft (Zelt, Wohnwagen oder Wohnmobil), 1 oder 2 Personen je nach gew\u00e4hlter Pauschale (Pauschale f\u00fcr 1 Person oder Pauschale f\u00fcr 2 Personen), Zugang zu den Sanit\u00e4ranlagen und den Einrichtungen im Empfangsbereich. Die Preise verstehen sich pro Person und nicht pro [&hellip;]<\/p>\n","protected":false},"author":2,"featured_media":0,"parent":0,"menu_order":0,"comment_status":"open","ping_status":"open","template":"","meta":{"_acf_changed":false,"_monsterinsights_skip_tracking":false,"_monsterinsights_sitenote_active":false,"_monsterinsights_sitenote_note":"","_monsterinsights_sitenote_category":0,"footnotes":""},"class_list":["post-870","page","type-page","status-publish","hentry"],"acf":[],"aioseo_notices":[],"_links":{"self":[{"href":"https:\/\/domainedetrestraou.com\/de\/wp-json\/wp\/v2\/pages\/870","targetHints":{"allow":["GET"]}}],"collection":[{"href":"https:\/\/domainedetrestraou.com\/de\/wp-json\/wp\/v2\/pages"}],"about":[{"href":"https:\/\/domainedetrestraou.com\/de\/wp-json\/wp\/v2\/types\/page"}],"author":[{"embeddable":true,"href":"https:\/\/domainedetrestraou.com\/de\/wp-json\/wp\/v2\/users\/2"}],"replies":[{"embeddable":true,"href":"https:\/\/domainedetrestraou.com\/de\/wp-json\/wp\/v2\/comments?post=870"}],"version-history":[{"count":14,"href":"https:\/\/domainedetrestraou.com\/de\/wp-json\/wp\/v2\/pages\/870\/revisions"}],"predecessor-version":[{"id":4213,"href":"https:\/\/domainedetrestraou.com\/de\/wp-json\/wp\/v2\/pages\/870\/revisions\/4213"}],"wp:attachment":[{"href":"https:\/\/domainedetrestraou.com\/de\/wp-json\/wp\/v2\/media?parent=870"}],"curies":[{"name":"wp","href":"https:\/\/api.w.org\/{rel}","templated":true}]}}