{"id":862,"date":"2014-04-22T14:37:28","date_gmt":"2014-04-22T13:37:28","guid":{"rendered":"http:\/\/domainedetrestraou.com\/de\/foire-aux-questions\/"},"modified":"2021-04-30T10:50:33","modified_gmt":"2021-04-30T09:50:33","slug":"haeufig-gestellte-fragen","status":"publish","type":"page","link":"https:\/\/domainedetrestraou.com\/de\/haeufig-gestellte-fragen\/","title":{"rendered":"H\u00e4ufig gestellte Fragen"},"content":{"rendered":"<h3>Gibt es ein Schwimmbad?<\/h3>\n<p>Wir bieten Ihnen ein beheiztes Lehrschwimmbecken (Schwimmkurse) unter freiem Himmel.<br \/>\nDerzeit ist unser gr\u00f6\u00dftes Freibad jedoch ganz einfach &#8230;.. <strong>das Meer&nbsp;<\/strong>in 100 m Entfernung! Hervorragend f\u00fcr die Gesundheit!<\/p>\n<h3>Gibt es ein Animationsprogramm f\u00fcr Kinder?<\/h3>\n<p>Kleine G\u00e4ste freuen sich bei uns auf die Spielm\u00f6glichkeiten im Freien und ein Spiele-\/TV-Zimmer (Nutzung unter Aufsicht der Eltern).<br \/>\nAu\u00dferdem wartet am Strand ein umfangreiches Freizeitprogramm mit Aktivit\u00e4ten f\u00fcr einen halben Tag, einen ganzen Tag oder f\u00fcr eine ganze Woche auf Ihren Nachwuchs: F\u00fcr Unterhaltung ist also gesorgt!<\/p>\n<h3>Mietunterk\u00fcnfte: Wird die gesamte Ausstattung bereitgestellt?<\/h3>\n<p>Bitte vergessen Sie nicht, Ihre Bett- und Haushaltsw\u00e4sche selbst mitzubringen! (Bettlaken, Bez\u00fcge f\u00fcr normale Kopfkissen und Nackenrollen, Handt\u00fccher&nbsp;und K\u00fcchent\u00fccher). Gegen einen Aufpreis k\u00f6nnen Sie die Bett- und Haushaltsw\u00e4sche auch vor Ort ausleihen.<\/p>\n<h3>Ab wann k\u00f6nnen wir anreisen und bis wann soll die Abreise erfolgen?<\/h3>\n<p>Stellpl\u00e4tze stehen Ihnen jeweils von 12:00 Uhr am Anreisetag bis 12:00 Uhr am Abreisetag zur Verf\u00fcgung.<br \/>\nMietunterk\u00fcnfte (Chalets und Cottages) stehen Ihnen am Anreisetag ab 16:00 Uhr zur Verf\u00fcgung und m\u00fcssen am Abreisetag bis 10:00 Uhr verlassen werden.<\/p>\n<h3>Wann sollten Sie Ihren Aufenthalt bei uns buchen?<\/h3>\n<p>Eindeutig so fr\u00fch wie m\u00f6glich!<\/p>\n","protected":false},"excerpt":{"rendered":"<p>Gibt es ein Schwimmbad? Wir bieten Ihnen ein beheiztes Lehrschwimmbecken (Schwimmkurse) unter freiem Himmel. Derzeit ist unser gr\u00f6\u00dftes Freibad jedoch ganz einfach &#8230;.. das Meer&nbsp;in 100 m Entfernung! Hervorragend f\u00fcr die Gesundheit! Gibt es ein Animationsprogramm f\u00fcr Kinder? Kleine G\u00e4ste freuen sich bei uns auf die Spielm\u00f6glichkeiten im Freien und ein Spiele-\/TV-Zimmer (Nutzung unter Aufsicht [&hellip;]<\/p>\n","protected":false},"author":2,"featured_media":0,"parent":0,"menu_order":0,"comment_status":"open","ping_status":"open","template":"","meta":{"_acf_changed":false,"_monsterinsights_skip_tracking":false,"_monsterinsights_sitenote_active":false,"_monsterinsights_sitenote_note":"","_monsterinsights_sitenote_category":0,"footnotes":""},"class_list":["post-862","page","type-page","status-publish","hentry"],"acf":[],"aioseo_notices":[],"_links":{"self":[{"href":"https:\/\/domainedetrestraou.com\/de\/wp-json\/wp\/v2\/pages\/862","targetHints":{"allow":["GET"]}}],"collection":[{"href":"https:\/\/domainedetrestraou.com\/de\/wp-json\/wp\/v2\/pages"}],"about":[{"href":"https:\/\/domainedetrestraou.com\/de\/wp-json\/wp\/v2\/types\/page"}],"author":[{"embeddable":true,"href":"https:\/\/domainedetrestraou.com\/de\/wp-json\/wp\/v2\/users\/2"}],"replies":[{"embeddable":true,"href":"https:\/\/domainedetrestraou.com\/de\/wp-json\/wp\/v2\/comments?post=862"}],"version-history":[{"count":10,"href":"https:\/\/domainedetrestraou.com\/de\/wp-json\/wp\/v2\/pages\/862\/revisions"}],"predecessor-version":[{"id":3921,"href":"https:\/\/domainedetrestraou.com\/de\/wp-json\/wp\/v2\/pages\/862\/revisions\/3921"}],"wp:attachment":[{"href":"https:\/\/domainedetrestraou.com\/de\/wp-json\/wp\/v2\/media?parent=862"}],"curies":[{"name":"wp","href":"https:\/\/api.w.org\/{rel}","templated":true}]}}