{"id":840,"date":"2014-04-08T11:04:40","date_gmt":"2014-04-08T10:04:40","guid":{"rendered":"http:\/\/domainedetrestraou.com\/de\/tarifs-locations\/"},"modified":"2024-01-30T13:25:14","modified_gmt":"2024-01-30T12:25:14","slug":"tarifs-locations","status":"publish","type":"page","link":"https:\/\/domainedetrestraou.com\/de\/tarifs\/tarifs-locations\/","title":{"rendered":"Preise Vermietungen"},"content":{"rendered":"<h2>Hier sind alle Preise gefunden .<\/h2>\n<h2>Denken Sie daran, Ihre Bettw\u00e4sche mitbringen !<\/h2>\n<p>Bl\u00e4tter, von quadratischen Kissen und Kissen , Handt\u00fccher und K\u00fcchent\u00fccher .<\/p>\n<p><em>Optional k\u00f6nnen Sie diese Maschine mieten.<\/em><\/p>\n","protected":false},"excerpt":{"rendered":"<p>Hier sind alle Preise gefunden . Denken Sie daran, Ihre Bettw\u00e4sche mitbringen ! Bl\u00e4tter, von quadratischen Kissen und Kissen , Handt\u00fccher und K\u00fcchent\u00fccher . Optional k\u00f6nnen Sie diese Maschine mieten.<\/p>\n","protected":false},"author":2,"featured_media":0,"parent":2069,"menu_order":0,"comment_status":"closed","ping_status":"closed","template":"template-tarifs-locations-2024.php","meta":{"_acf_changed":false,"_monsterinsights_skip_tracking":false,"_monsterinsights_sitenote_active":false,"_monsterinsights_sitenote_note":"","_monsterinsights_sitenote_category":0,"footnotes":""},"class_list":["post-840","page","type-page","status-publish","hentry"],"acf":[],"aioseo_notices":[],"_links":{"self":[{"href":"https:\/\/domainedetrestraou.com\/de\/wp-json\/wp\/v2\/pages\/840","targetHints":{"allow":["GET"]}}],"collection":[{"href":"https:\/\/domainedetrestraou.com\/de\/wp-json\/wp\/v2\/pages"}],"about":[{"href":"https:\/\/domainedetrestraou.com\/de\/wp-json\/wp\/v2\/types\/page"}],"author":[{"embeddable":true,"href":"https:\/\/domainedetrestraou.com\/de\/wp-json\/wp\/v2\/users\/2"}],"replies":[{"embeddable":true,"href":"https:\/\/domainedetrestraou.com\/de\/wp-json\/wp\/v2\/comments?post=840"}],"version-history":[{"count":23,"href":"https:\/\/domainedetrestraou.com\/de\/wp-json\/wp\/v2\/pages\/840\/revisions"}],"predecessor-version":[{"id":11373,"href":"https:\/\/domainedetrestraou.com\/de\/wp-json\/wp\/v2\/pages\/840\/revisions\/11373"}],"up":[{"embeddable":true,"href":"https:\/\/domainedetrestraou.com\/de\/wp-json\/wp\/v2\/pages\/2069"}],"wp:attachment":[{"href":"https:\/\/domainedetrestraou.com\/de\/wp-json\/wp\/v2\/media?parent=840"}],"curies":[{"name":"wp","href":"https:\/\/api.w.org\/{rel}","templated":true}]}}