{"id":808,"date":"2014-04-08T11:06:02","date_gmt":"2014-04-08T10:06:02","guid":{"rendered":"http:\/\/domainedetrestraou.com\/de\/la-plage\/"},"modified":"2022-06-24T10:56:25","modified_gmt":"2022-06-24T09:56:25","slug":"der-strand","status":"publish","type":"page","link":"https:\/\/domainedetrestraou.com\/de\/besuch\/der-strand\/","title":{"rendered":"Der Strand"},"content":{"rendered":"<h2>Eine kleine Auswahl:<\/h2>\n<p><span lang=\"DE\">Nichts als wunderbare Entdeckungen und atemberaubende Erlebnisse f\u00fcr Gro\u00df und Klein<\/span>!<\/p>\n<p>Die Wahl liegt ganz bei Ihnen &#8230;<\/p>\n<ul>\n<li>Ausgangspunkt\u00a0des Z\u00f6llnerpfads (&#8222;Sentier des Douaniers&#8220;), der Sie zu den rosa Granitfelsformationen von Ploumanac&#8217;h f\u00fchrt.<\/li>\n<li>Abfahrtshafen f\u00fcr eine Bootsfahrt zur Inselgruppe Sept \u00celes.<\/li>\n<li>Segelsportanlage: f\u00fcr Erwachsene und Kinder (einschlie\u00dflich &#8222;Meeresgarten&#8220; ab 4 Jahren)<\/li>\n<li>Surfklub<\/li>\n<li>Strandklub<\/li>\n<li><a title=\"Mini-golf\" href=\"\/services\/mini-golf\/\">Minigolf<\/a><\/li>\n<li><a title=\"Tennis\" href=\"\/services\/tennis\/\">Sandplatztennis<\/a><\/li>\n<li>Spielkasino (Spielautomaten, \u2026)<\/li>\n<li>Thalasso-Zentrum Thermes Marins<\/li>\n<li>kleines Karussell<\/li>\n<li>Animationsprogramm f\u00fcr Kinder<\/li>\n<li>Konzerte\/Sportveranstaltungen, \u2026<\/li>\n<li>Restaurants\/Caf\u00e9s\/Bars, \u2026<\/li>\n<li>Gesch\u00e4fte\/Boutiquen, \u2026<\/li>\n<\/ul>\n<p>&nbsp;<\/p>\n<p><img loading=\"lazy\" decoding=\"async\" class=\"aligncenter size-medium wp-image-387\" src=\"http:\/\/domainedetrestraou.com\/wp-content\/uploads\/2015\/04\/plage-trestraou_3-300x225.jpg\" alt=\"plage-trestraou_3\" width=\"300\" height=\"225\" srcset=\"https:\/\/domainedetrestraou.com\/wp-content\/uploads\/2015\/04\/plage-trestraou_3-300x225.jpg 300w, https:\/\/domainedetrestraou.com\/wp-content\/uploads\/2015\/04\/plage-trestraou_3-150x113.jpg 150w, https:\/\/domainedetrestraou.com\/wp-content\/uploads\/2015\/04\/plage-trestraou_3.jpg 1200w\" sizes=\"auto, (max-width: 300px) 100vw, 300px\" \/><\/p>\n","protected":false},"excerpt":{"rendered":"<p>Eine kleine Auswahl: Nichts als wunderbare Entdeckungen und atemberaubende Erlebnisse f\u00fcr Gro\u00df und Klein! Die Wahl liegt ganz bei Ihnen &#8230; Ausgangspunkt\u00a0des Z\u00f6llnerpfads (&#8222;Sentier des Douaniers&#8220;), der Sie zu den rosa Granitfelsformationen von Ploumanac&#8217;h f\u00fchrt. Abfahrtshafen f\u00fcr eine Bootsfahrt zur Inselgruppe Sept \u00celes. Segelsportanlage: f\u00fcr Erwachsene und Kinder (einschlie\u00dflich &#8222;Meeresgarten&#8220; ab 4 Jahren) Surfklub Strandklub [&hellip;]<\/p>\n","protected":false},"author":2,"featured_media":0,"parent":2039,"menu_order":0,"comment_status":"open","ping_status":"open","template":"","meta":{"_acf_changed":false,"_monsterinsights_skip_tracking":false,"_monsterinsights_sitenote_active":false,"_monsterinsights_sitenote_note":"","_monsterinsights_sitenote_category":0,"footnotes":""},"class_list":["post-808","page","type-page","status-publish","hentry"],"acf":[],"aioseo_notices":[],"_links":{"self":[{"href":"https:\/\/domainedetrestraou.com\/de\/wp-json\/wp\/v2\/pages\/808","targetHints":{"allow":["GET"]}}],"collection":[{"href":"https:\/\/domainedetrestraou.com\/de\/wp-json\/wp\/v2\/pages"}],"about":[{"href":"https:\/\/domainedetrestraou.com\/de\/wp-json\/wp\/v2\/types\/page"}],"author":[{"embeddable":true,"href":"https:\/\/domainedetrestraou.com\/de\/wp-json\/wp\/v2\/users\/2"}],"replies":[{"embeddable":true,"href":"https:\/\/domainedetrestraou.com\/de\/wp-json\/wp\/v2\/comments?post=808"}],"version-history":[{"count":12,"href":"https:\/\/domainedetrestraou.com\/de\/wp-json\/wp\/v2\/pages\/808\/revisions"}],"predecessor-version":[{"id":4176,"href":"https:\/\/domainedetrestraou.com\/de\/wp-json\/wp\/v2\/pages\/808\/revisions\/4176"}],"up":[{"embeddable":true,"href":"https:\/\/domainedetrestraou.com\/de\/wp-json\/wp\/v2\/pages\/2039"}],"wp:attachment":[{"href":"https:\/\/domainedetrestraou.com\/de\/wp-json\/wp\/v2\/media?parent=808"}],"curies":[{"name":"wp","href":"https:\/\/api.w.org\/{rel}","templated":true}]}}