{"id":792,"date":"2015-02-10T12:21:40","date_gmt":"2015-02-10T11:21:40","guid":{"rendered":"http:\/\/domainedetrestraou.com\/de\/liens\/"},"modified":"2023-11-13T11:25:10","modified_gmt":"2023-11-13T10:25:10","slug":"links","status":"publish","type":"page","link":"https:\/\/domainedetrestraou.com\/de\/besuch\/links\/","title":{"rendered":"Weiterf\u00fchrende Links"},"content":{"rendered":"<ul>\n<li><a title=\"Perros-Guirec Office du Tourisme\" href=\"http:\/\/www.perros-guirec.com\/\" target=\"_blank\" rel=\"noopener noreferrer\">Perros-Guirec<\/a><\/li>\n<li><a title=\"C\u00f4te de Granit Rose\" href=\"http:\/\/www.cotedegranitrose.com\/\" target=\"_blank\" rel=\"noopener noreferrer\">Rosa Granitk\u00fcste<\/a><\/li>\n<li><a title=\"Le d\u00e9partement 22\" href=\"\/\/www.cotesdarmor.com\" target=\"_blank\" rel=\"noopener noreferrer\">Das D\u00e9partement C\u00f4tes d&#8217;Armor<\/a><\/li>\n<li><a title=\"Finist\u00e8re\" href=\"http:\/\/www.finisteretourisme.com\/\" target=\"_blank\" rel=\"noopener noreferrer\">Finist\u00e8re<\/a><\/li>\n<li><a title=\"La r\u00e9gion Bretagne\" href=\"http:\/\/www.bretagne.com\/\" target=\"_blank\" rel=\"noopener noreferrer\">Unsere sch\u00f6ne Region Bretagne<\/a><\/li>\n<li><a title=\"Le tourisme en Bretagne\" href=\"http:\/\/www.tourismebretagne.com\" target=\"_blank\" rel=\"noopener noreferrer\">Tourismus in der Bretagne<\/a><\/li>\n<\/ul>\n<p>Unsere Partner:<\/p>\n<ul>\n<li><a title=\"Les locations de Mobile Homes partout en France\" href=\"http:\/\/www.vivamobilhome.com%20\" target=\"_blank\" rel=\"noopener noreferrer\">VIVAMOBILHOME<\/a><\/li>\n<li><a title=\"Ihre Wander\" href=\"https:\/\/itirando.bzh\/\" target=\"_blank\" rel=\"noopener noreferrer\">Ihre Wander- oder Tageswanderung auf dem Sentier des Douaniers<\/a> in Brittany<\/li>\n<\/ul>\n<p>Falls Sie an einem Linkaustausch mit unserer Website interessiert sind, setzen Sie sich bitte mit uns in Verbindung.<\/p>\n","protected":false},"excerpt":{"rendered":"<p>Perros-Guirec Rosa Granitk\u00fcste Das D\u00e9partement C\u00f4tes d&#8217;Armor Finist\u00e8re Unsere sch\u00f6ne Region Bretagne Tourismus in der Bretagne Unsere Partner: VIVAMOBILHOME Ihre Wander- oder Tageswanderung auf dem Sentier des Douaniers in Brittany Falls Sie an einem Linkaustausch mit unserer Website interessiert sind, setzen Sie sich bitte mit uns in Verbindung.<\/p>\n","protected":false},"author":2,"featured_media":0,"parent":2039,"menu_order":0,"comment_status":"open","ping_status":"open","template":"","meta":{"_acf_changed":false,"_monsterinsights_skip_tracking":false,"_monsterinsights_sitenote_active":false,"_monsterinsights_sitenote_note":"","_monsterinsights_sitenote_category":0,"footnotes":""},"class_list":["post-792","page","type-page","status-publish","hentry"],"acf":[],"aioseo_notices":[],"_links":{"self":[{"href":"https:\/\/domainedetrestraou.com\/de\/wp-json\/wp\/v2\/pages\/792","targetHints":{"allow":["GET"]}}],"collection":[{"href":"https:\/\/domainedetrestraou.com\/de\/wp-json\/wp\/v2\/pages"}],"about":[{"href":"https:\/\/domainedetrestraou.com\/de\/wp-json\/wp\/v2\/types\/page"}],"author":[{"embeddable":true,"href":"https:\/\/domainedetrestraou.com\/de\/wp-json\/wp\/v2\/users\/2"}],"replies":[{"embeddable":true,"href":"https:\/\/domainedetrestraou.com\/de\/wp-json\/wp\/v2\/comments?post=792"}],"version-history":[{"count":12,"href":"https:\/\/domainedetrestraou.com\/de\/wp-json\/wp\/v2\/pages\/792\/revisions"}],"predecessor-version":[{"id":10678,"href":"https:\/\/domainedetrestraou.com\/de\/wp-json\/wp\/v2\/pages\/792\/revisions\/10678"}],"up":[{"embeddable":true,"href":"https:\/\/domainedetrestraou.com\/de\/wp-json\/wp\/v2\/pages\/2039"}],"wp:attachment":[{"href":"https:\/\/domainedetrestraou.com\/de\/wp-json\/wp\/v2\/media?parent=792"}],"curies":[{"name":"wp","href":"https:\/\/api.w.org\/{rel}","templated":true}]}}