{"id":784,"date":"2014-04-08T11:04:17","date_gmt":"2014-04-08T10:04:17","guid":{"rendered":"http:\/\/domainedetrestraou.com\/de\/plats-a-emporter\/"},"modified":"2022-05-31T14:48:13","modified_gmt":"2022-05-31T13:48:13","slug":"mitnehmen","status":"publish","type":"page","link":"https:\/\/domainedetrestraou.com\/de\/unser-freizeitangebot\/mitnehmen\/","title":{"rendered":"Cr\u00eaperie"},"content":{"rendered":"<p>Zum Mittagessen oder als Zwischenmahlzeit, im Freien, im Speisesaal oder zum Mitnehmen,<\/p>\n<p>Cr\u00eapes, Galettes, warme und kalte Getr\u00e4nke, Eis und vieles mehr.<\/p>\n<p><strong>RUHIGE<\/strong> TERRASSE IN <strong>DIREKTER S\u00dcDLAGE<\/strong>.<\/p>\n<p>Im Juli und August<strong> <strong>T\u00c4GLICH<\/strong> von <strong>11:00 bis 18:00 Uhr<\/strong> <\/strong>ge\u00f6ffnet, au\u00dfer Samstag der ersten Augusth\u00e4lfte.<\/p>\n<p>&nbsp;<\/p>\n<p><strong>Lage:<\/strong>\u00a0Strand von Trestraou &#8211; links (bei Blickrichtung zum Meer).<\/p>\n<p>Gleicher Eingang wie f\u00fcr den Minigolfplatz, die Tennisanlage und das Lehrschwimmbecken.<\/p>\n<p>Boulevard Joseph Le Bihan (Strandpromenade) &#8211; 22700 Perros-Guirec.<\/p>\n<p>&nbsp;<\/p>\n<p>&nbsp;<\/p>\n","protected":false},"excerpt":{"rendered":"<p>Zum Mittagessen oder als Zwischenmahlzeit, im Freien, im Speisesaal oder zum Mitnehmen, Cr\u00eapes, Galettes, warme und kalte Getr\u00e4nke, Eis und vieles mehr. RUHIGE TERRASSE IN DIREKTER S\u00dcDLAGE. Im Juli und August T\u00c4GLICH von 11:00 bis 18:00 Uhr ge\u00f6ffnet, au\u00dfer Samstag der ersten Augusth\u00e4lfte. &nbsp; Lage:\u00a0Strand von Trestraou &#8211; links (bei Blickrichtung zum Meer). Gleicher Eingang [&hellip;]<\/p>\n","protected":false},"author":2,"featured_media":0,"parent":2092,"menu_order":0,"comment_status":"open","ping_status":"open","template":"","meta":{"_acf_changed":false,"_monsterinsights_skip_tracking":false,"_monsterinsights_sitenote_active":false,"_monsterinsights_sitenote_note":"","_monsterinsights_sitenote_category":0,"footnotes":""},"class_list":["post-784","page","type-page","status-publish","hentry"],"acf":[],"aioseo_notices":[],"_links":{"self":[{"href":"https:\/\/domainedetrestraou.com\/de\/wp-json\/wp\/v2\/pages\/784","targetHints":{"allow":["GET"]}}],"collection":[{"href":"https:\/\/domainedetrestraou.com\/de\/wp-json\/wp\/v2\/pages"}],"about":[{"href":"https:\/\/domainedetrestraou.com\/de\/wp-json\/wp\/v2\/types\/page"}],"author":[{"embeddable":true,"href":"https:\/\/domainedetrestraou.com\/de\/wp-json\/wp\/v2\/users\/2"}],"replies":[{"embeddable":true,"href":"https:\/\/domainedetrestraou.com\/de\/wp-json\/wp\/v2\/comments?post=784"}],"version-history":[{"count":6,"href":"https:\/\/domainedetrestraou.com\/de\/wp-json\/wp\/v2\/pages\/784\/revisions"}],"predecessor-version":[{"id":4008,"href":"https:\/\/domainedetrestraou.com\/de\/wp-json\/wp\/v2\/pages\/784\/revisions\/4008"}],"up":[{"embeddable":true,"href":"https:\/\/domainedetrestraou.com\/de\/wp-json\/wp\/v2\/pages\/2092"}],"wp:attachment":[{"href":"https:\/\/domainedetrestraou.com\/de\/wp-json\/wp\/v2\/media?parent=784"}],"curies":[{"name":"wp","href":"https:\/\/api.w.org\/{rel}","templated":true}]}}