{"id":768,"date":"2014-04-08T11:03:33","date_gmt":"2014-04-08T10:03:33","guid":{"rendered":"http:\/\/domainedetrestraou.com\/de\/tennis\/"},"modified":"2023-07-24T14:30:31","modified_gmt":"2023-07-24T13:30:31","slug":"tennis","status":"publish","type":"page","link":"https:\/\/domainedetrestraou.com\/de\/unser-freizeitangebot\/tennis\/","title":{"rendered":"Tennis"},"content":{"rendered":"<p><span lang=\"DE\">Die Tennisanlage von Trestraou bietet Ihnen 2 Sandpl\u00e4tze direkt vor dem Strand.<\/span><\/p>\n<h2>\u00d6ffnungszeiten:<\/h2>\n<p><span lang=\"DE\">Juli und August, Sonntag bis Freitag, 9 bis 20 Uhr.<\/span><\/p>\n<h2>Preise:<\/h2>\n<p>Pro Stunde: 20 \u20ac<\/p>\n<h2>Tennisunterricht:<\/h2>\n<p><span lang=\"DE\">Einzel- und Gruppenkurse f\u00fcr Erwachsene und Kinder (Mini-Tennis ab 4 Jahren) unter fachlicher Leitung eines staatlich gepr\u00fcften Tennislehrers (1. Grad, frz. Leistungsklasse 15). Kurse f\u00fcr Anf\u00e4nger und Fortgeschrittene.<\/span><\/p>\n<p><span lang=\"DE\">Auf Wunsch kann der\u00a0Kontakt zu einem geeigneten Tennispartner hergestellt werden.<\/span><\/p>\n<p>F\u00fcr weitere Informationen kontaktieren Sie bitte die Tennislehrerin <strong>Anne-Fr\u00e9d\u00e9rique\u00a0<\/strong>unter der Mobiltelefonnummer <strong>+33 6 68 83 13 57\u00a0<\/strong>oder per E-Mail unter <strong>aflerolland@orange.fr<\/strong>.<\/p>\n<h2>Lage:<\/h2>\n<p>Strand von Trestraou &#8211; links (bei Blickrichtung zum Meer).<br \/>\nGleicher Eingang wie f\u00fcr den Minigolfplatz, die Cr\u00eaperie Golf Gourmand und das Lehrschwimmbecken.<\/p>\n<p>Boulevard Joseph Le Bihan (Strandpromenade) &#8211; 22700 Perros-Guirec.<\/p>\n<h2>LUST AUF EINE KLEINIGKEIT?<\/h2>\n<p>Dann schnell zum GOLF GOURMAND!<br \/>\nDas Clubhaus verw\u00f6hnt Sie mit Cr\u00eapes, Galettes, warmen und kalten Getr\u00e4nken, Eis und vielem mehr. Vor Ort oder zum Mitnehmen.<\/p>\n<p>TERRASSE IN <strong>DIREKTER<\/strong>\u00a0<strong>S\u00dcDLAGE<\/strong>.<\/p>\n","protected":false},"excerpt":{"rendered":"<p>Die Tennisanlage von Trestraou bietet Ihnen 2 Sandpl\u00e4tze direkt vor dem Strand. \u00d6ffnungszeiten: Juli und August, Sonntag bis Freitag, 9 bis 20 Uhr. Preise: Pro Stunde: 20 \u20ac Tennisunterricht: Einzel- und Gruppenkurse f\u00fcr Erwachsene und Kinder (Mini-Tennis ab 4 Jahren) unter fachlicher Leitung eines staatlich gepr\u00fcften Tennislehrers (1. Grad, frz. Leistungsklasse 15). Kurse f\u00fcr Anf\u00e4nger [&hellip;]<\/p>\n","protected":false},"author":2,"featured_media":0,"parent":2092,"menu_order":0,"comment_status":"open","ping_status":"open","template":"","meta":{"_acf_changed":false,"_monsterinsights_skip_tracking":false,"_monsterinsights_sitenote_active":false,"_monsterinsights_sitenote_note":"","_monsterinsights_sitenote_category":0,"footnotes":""},"class_list":["post-768","page","type-page","status-publish","hentry"],"acf":[],"aioseo_notices":[],"_links":{"self":[{"href":"https:\/\/domainedetrestraou.com\/de\/wp-json\/wp\/v2\/pages\/768","targetHints":{"allow":["GET"]}}],"collection":[{"href":"https:\/\/domainedetrestraou.com\/de\/wp-json\/wp\/v2\/pages"}],"about":[{"href":"https:\/\/domainedetrestraou.com\/de\/wp-json\/wp\/v2\/types\/page"}],"author":[{"embeddable":true,"href":"https:\/\/domainedetrestraou.com\/de\/wp-json\/wp\/v2\/users\/2"}],"replies":[{"embeddable":true,"href":"https:\/\/domainedetrestraou.com\/de\/wp-json\/wp\/v2\/comments?post=768"}],"version-history":[{"count":11,"href":"https:\/\/domainedetrestraou.com\/de\/wp-json\/wp\/v2\/pages\/768\/revisions"}],"predecessor-version":[{"id":8762,"href":"https:\/\/domainedetrestraou.com\/de\/wp-json\/wp\/v2\/pages\/768\/revisions\/8762"}],"up":[{"embeddable":true,"href":"https:\/\/domainedetrestraou.com\/de\/wp-json\/wp\/v2\/pages\/2092"}],"wp:attachment":[{"href":"https:\/\/domainedetrestraou.com\/de\/wp-json\/wp\/v2\/media?parent=768"}],"curies":[{"name":"wp","href":"https:\/\/api.w.org\/{rel}","templated":true}]}}