{"id":760,"date":"2014-04-08T11:02:47","date_gmt":"2014-04-08T10:02:47","guid":{"rendered":"http:\/\/domainedetrestraou.com\/de\/mini-golf\/"},"modified":"2023-07-24T14:33:55","modified_gmt":"2023-07-24T13:33:55","slug":"mini-golf","status":"publish","type":"page","link":"https:\/\/domainedetrestraou.com\/de\/unser-freizeitangebot\/mini-golf\/","title":{"rendered":"Mini-golf"},"content":{"rendered":"<p>Der Minigolfplatz von Trestraou ist ideal f\u00fcr Gro\u00df und Klein und empf\u00e4ngt Sie direkt am Strand mit einem 18-Loch-Parcours zum Thema \u201eMeerestraum\u201c.<\/p>\n<h2>\u00d6ffnungszeiten:<\/h2>\n<p>Juli und August . Sonntag bis Freitag von 10 bis 18 Uhr. Letzter Einlass um 17 Uhr.<\/p>\n<h2>Preise:<\/h2>\n<p>Einzelkarte: EUR 7 pro Person<\/p>\n<p>Karte f\u00fcr 10 Spielrunden: EUR 50 (1 Jahr g\u00fcltig).<\/p>\n<h2>Lage:<\/h2>\n<p>Strand von Trestraou \u2013 links (bei Blickrichtung zum Meer).<\/p>\n<p>Gleicher Eingang wie f\u00fcr die Tennisanlage, die Cr\u00eaperie Golf Gourmand und das Lehrschwimmbecken.<\/p>\n<p>Boulevard Joseph Le Bihan (Strandpromenade) \u2013 22700 Perros-Guirec<\/p>\n<p><strong>M\u00f6glichkeit eines Parcours f\u00fcr Kinderwagen und Rollst\u00fchle. <\/strong><\/p>\n<h2>LUST AUF EINE KLEINIGKEIT?<\/h2>\n<p>Dann schnell zum GOLF GOURMAND!<br \/>\nDas Clubhaus verw\u00f6hnt Sie mit Cr\u00eapes, Galettes, warmen und kalten Getr\u00e4nken, Eis und vielem mehr. Vor Ort oder zum Mitnehmen.<\/p>\n<p>TERRASSE IN <strong>DIREKTER<\/strong> <strong>S\u00dcDLAGE<\/strong>.<\/p>\n","protected":false},"excerpt":{"rendered":"<p>Der Minigolfplatz von Trestraou ist ideal f\u00fcr Gro\u00df und Klein und empf\u00e4ngt Sie direkt am Strand mit einem 18-Loch-Parcours zum Thema \u201eMeerestraum\u201c. \u00d6ffnungszeiten: Juli und August . Sonntag bis Freitag von 10 bis 18 Uhr. Letzter Einlass um 17 Uhr. Preise: Einzelkarte: EUR 7 pro Person Karte f\u00fcr 10 Spielrunden: EUR 50 (1 Jahr g\u00fcltig). [&hellip;]<\/p>\n","protected":false},"author":2,"featured_media":0,"parent":2092,"menu_order":0,"comment_status":"open","ping_status":"open","template":"","meta":{"_acf_changed":false,"_monsterinsights_skip_tracking":false,"_monsterinsights_sitenote_active":false,"_monsterinsights_sitenote_note":"","_monsterinsights_sitenote_category":0,"footnotes":""},"class_list":["post-760","page","type-page","status-publish","hentry"],"acf":[],"aioseo_notices":[],"_links":{"self":[{"href":"https:\/\/domainedetrestraou.com\/de\/wp-json\/wp\/v2\/pages\/760","targetHints":{"allow":["GET"]}}],"collection":[{"href":"https:\/\/domainedetrestraou.com\/de\/wp-json\/wp\/v2\/pages"}],"about":[{"href":"https:\/\/domainedetrestraou.com\/de\/wp-json\/wp\/v2\/types\/page"}],"author":[{"embeddable":true,"href":"https:\/\/domainedetrestraou.com\/de\/wp-json\/wp\/v2\/users\/2"}],"replies":[{"embeddable":true,"href":"https:\/\/domainedetrestraou.com\/de\/wp-json\/wp\/v2\/comments?post=760"}],"version-history":[{"count":8,"href":"https:\/\/domainedetrestraou.com\/de\/wp-json\/wp\/v2\/pages\/760\/revisions"}],"predecessor-version":[{"id":8767,"href":"https:\/\/domainedetrestraou.com\/de\/wp-json\/wp\/v2\/pages\/760\/revisions\/8767"}],"up":[{"embeddable":true,"href":"https:\/\/domainedetrestraou.com\/de\/wp-json\/wp\/v2\/pages\/2092"}],"wp:attachment":[{"href":"https:\/\/domainedetrestraou.com\/de\/wp-json\/wp\/v2\/media?parent=760"}],"curies":[{"name":"wp","href":"https:\/\/api.w.org\/{rel}","templated":true}]}}