{"id":744,"date":"2014-04-08T11:01:34","date_gmt":"2014-04-08T10:01:34","guid":{"rendered":"http:\/\/domainedetrestraou.com\/de\/hebergements-a-louer\/"},"modified":"2022-06-24T10:20:23","modified_gmt":"2022-06-24T09:20:23","slug":"ferienunterkuenfte","status":"publish","type":"page","link":"https:\/\/domainedetrestraou.com\/de\/komfort-unterkuenfte-im-freien\/ferienunterkuenfte\/","title":{"rendered":"Ferienunterk\u00fcnfte"},"content":{"rendered":"<p><img loading=\"lazy\" decoding=\"async\" class=\"alignnone wp-image-283 size-full\" src=\"http:\/\/domainedetrestraou.com\/wp-content\/uploads\/2014\/04\/bord-de-mer.jpg\" alt=\"bord-de-mer\" width=\"50\" height=\"50\" \/>\u00a0<strong>Meerblick\u00a0\u00a0\u00a0\u00a0\u00a0\u00a0\u00a0\u00a0\u00a0\u00a0 <\/strong><img loading=\"lazy\" decoding=\"async\" class=\"alignnone wp-image-284 size-full\" src=\"http:\/\/domainedetrestraou.com\/wp-content\/uploads\/2014\/04\/champetre.jpg\" alt=\"champetre\" width=\"50\" height=\"50\" \/>\u00a0<strong>Landblick<\/strong><\/p>\n<p>Nos chalets et cottages sont sur le domaine en bord de mer avec les \u00e9quipements sportifs et les activit\u00e9s touristiques nombreuses aux alentours : <a href=\"http:\/\/domainedetrestraou.com\/de\/tarifs\/tarifs-locations\/\">Consultez les tarifs<\/a>, les d\u00e9tails de chaque logement locatif ou passez directement \u00e0 la r\u00e9servation en ligne !<\/p>\n<p>Ausstattung der Mietunterk\u00fcnfte: <strong>TV (frei)<\/strong>, Mikrowelle, Kaffeemaschine, Elektroheizung u. v. m.<br \/>\nOptional: Bettlaken, Kopfkissenbez\u00fcge, Handt\u00fccher und Haushaltsw\u00e4sche.<\/p>\n","protected":false},"excerpt":{"rendered":"<p>\u00a0Meerblick\u00a0\u00a0\u00a0\u00a0\u00a0\u00a0\u00a0\u00a0\u00a0\u00a0 \u00a0Landblick Nos chalets et cottages sont sur le domaine en bord de mer avec les \u00e9quipements sportifs et les activit\u00e9s touristiques nombreuses aux alentours : Consultez les tarifs, les d\u00e9tails de chaque logement locatif ou passez directement \u00e0 la r\u00e9servation en ligne ! Ausstattung der Mietunterk\u00fcnfte: TV (frei), Mikrowelle, Kaffeemaschine, Elektroheizung u. v. m. [&hellip;]<\/p>\n","protected":false},"author":2,"featured_media":0,"parent":2104,"menu_order":0,"comment_status":"open","ping_status":"open","template":"template-list-locations.php","meta":{"_acf_changed":false,"_monsterinsights_skip_tracking":false,"_monsterinsights_sitenote_active":false,"_monsterinsights_sitenote_note":"","_monsterinsights_sitenote_category":0,"footnotes":""},"class_list":["post-744","page","type-page","status-publish","hentry"],"acf":[],"aioseo_notices":[],"_links":{"self":[{"href":"https:\/\/domainedetrestraou.com\/de\/wp-json\/wp\/v2\/pages\/744","targetHints":{"allow":["GET"]}}],"collection":[{"href":"https:\/\/domainedetrestraou.com\/de\/wp-json\/wp\/v2\/pages"}],"about":[{"href":"https:\/\/domainedetrestraou.com\/de\/wp-json\/wp\/v2\/types\/page"}],"author":[{"embeddable":true,"href":"https:\/\/domainedetrestraou.com\/de\/wp-json\/wp\/v2\/users\/2"}],"replies":[{"embeddable":true,"href":"https:\/\/domainedetrestraou.com\/de\/wp-json\/wp\/v2\/comments?post=744"}],"version-history":[{"count":11,"href":"https:\/\/domainedetrestraou.com\/de\/wp-json\/wp\/v2\/pages\/744\/revisions"}],"predecessor-version":[{"id":4133,"href":"https:\/\/domainedetrestraou.com\/de\/wp-json\/wp\/v2\/pages\/744\/revisions\/4133"}],"up":[{"embeddable":true,"href":"https:\/\/domainedetrestraou.com\/de\/wp-json\/wp\/v2\/pages\/2104"}],"wp:attachment":[{"href":"https:\/\/domainedetrestraou.com\/de\/wp-json\/wp\/v2\/media?parent=744"}],"curies":[{"name":"wp","href":"https:\/\/api.w.org\/{rel}","templated":true}]}}