{"id":728,"date":"2014-04-08T11:02:05","date_gmt":"2014-04-08T10:02:05","guid":{"rendered":"http:\/\/domainedetrestraou.com\/de\/camping-car\/"},"modified":"2022-06-24T10:48:18","modified_gmt":"2022-06-24T09:48:18","slug":"camping-car","status":"publish","type":"page","link":"https:\/\/domainedetrestraou.com\/de\/komfort-unterkuenfte-im-freien\/camping-car\/","title":{"rendered":"Wohnmobile"},"content":{"rendered":"<ul>\n<li>Bequem erreichbare,\u00a0grasbewachsene Stellpl\u00e4tze,<\/li>\n<li>Ver- und Entsorgungsstation zur freien Verf\u00fcgung,<\/li>\n<li>Angepasste Preise und Stellzeiten (siehe unter: Preise).<\/li>\n<\/ul>\n<p><strong>Stellen Sie Ihr Wohnmobil ab\u00a0<\/strong>und<strong>\u00a0entdecken Sie die Umgebung zu Fu\u00df\u00a0<\/strong>oder<strong>\u00a0mit dem Fahrrad<\/strong>!<\/p>\n<p>Die Domaine de Trestraou gilt dank ihrer au\u00dfergew\u00f6hnlichen Lage im Herzen von Perros-Guirec bei Wohnmobilisten als ideale Wahl f\u00fcr einen Zwischenstopp. Einfach ein Muss!<\/p>\n<p>Der au\u00dfergew\u00f6hnliche Rahmen und die wundersch\u00f6ne Landschaft garantieren Ihnen einen angenehmen und ruhigen Aufenthalt direkt am Meer.<\/p>\n<p>In der Domaine de Trestraou k\u00f6nnen Sie Ihr Wohnmobil bis 18:00 Uhr abstellen, sodass Sie ausreichend Zeit f\u00fcr Besichtigungstouren haben!<\/p>\n<p>Eine eigens eingerichtete Entsorgungsstation (Schmutzwassertank und chemische WCs) tr\u00e4gt ebenfalls zu einem erholsamen Aufenthalt bei.<br \/>\nStellen Sie Ihr Wohnmobil ab und unternehmen Sie anschlie\u00dfend einen Spaziergang durch Perros-Guirec!<\/p>\n<p>Profitieren Sie vom Komfort der Domaine de Trestraou, nehmen Sie eine Auszeit und lassen Sie sich von den zahlreichen Kuriosit\u00e4ten der Region \u00fcberraschen!<\/p>\n<p>&nbsp;<\/p>\n","protected":false},"excerpt":{"rendered":"<p>Bequem erreichbare,\u00a0grasbewachsene Stellpl\u00e4tze, Ver- und Entsorgungsstation zur freien Verf\u00fcgung, Angepasste Preise und Stellzeiten (siehe unter: Preise). Stellen Sie Ihr Wohnmobil ab\u00a0und\u00a0entdecken Sie die Umgebung zu Fu\u00df\u00a0oder\u00a0mit dem Fahrrad! Die Domaine de Trestraou gilt dank ihrer au\u00dfergew\u00f6hnlichen Lage im Herzen von Perros-Guirec bei Wohnmobilisten als ideale Wahl f\u00fcr einen Zwischenstopp. Einfach ein Muss! Der au\u00dfergew\u00f6hnliche Rahmen [&hellip;]<\/p>\n","protected":false},"author":2,"featured_media":0,"parent":2104,"menu_order":0,"comment_status":"open","ping_status":"open","template":"","meta":{"_acf_changed":false,"_monsterinsights_skip_tracking":false,"_monsterinsights_sitenote_active":false,"_monsterinsights_sitenote_note":"","_monsterinsights_sitenote_category":0,"footnotes":""},"class_list":["post-728","page","type-page","status-publish","hentry"],"acf":[],"aioseo_notices":[],"_links":{"self":[{"href":"https:\/\/domainedetrestraou.com\/de\/wp-json\/wp\/v2\/pages\/728","targetHints":{"allow":["GET"]}}],"collection":[{"href":"https:\/\/domainedetrestraou.com\/de\/wp-json\/wp\/v2\/pages"}],"about":[{"href":"https:\/\/domainedetrestraou.com\/de\/wp-json\/wp\/v2\/types\/page"}],"author":[{"embeddable":true,"href":"https:\/\/domainedetrestraou.com\/de\/wp-json\/wp\/v2\/users\/2"}],"replies":[{"embeddable":true,"href":"https:\/\/domainedetrestraou.com\/de\/wp-json\/wp\/v2\/comments?post=728"}],"version-history":[{"count":11,"href":"https:\/\/domainedetrestraou.com\/de\/wp-json\/wp\/v2\/pages\/728\/revisions"}],"predecessor-version":[{"id":4162,"href":"https:\/\/domainedetrestraou.com\/de\/wp-json\/wp\/v2\/pages\/728\/revisions\/4162"}],"up":[{"embeddable":true,"href":"https:\/\/domainedetrestraou.com\/de\/wp-json\/wp\/v2\/pages\/2104"}],"wp:attachment":[{"href":"https:\/\/domainedetrestraou.com\/de\/wp-json\/wp\/v2\/media?parent=728"}],"curies":[{"name":"wp","href":"https:\/\/api.w.org\/{rel}","templated":true}]}}