{"id":720,"date":"2014-04-08T10:54:51","date_gmt":"2014-04-08T09:54:51","guid":{"rendered":"http:\/\/domainedetrestraou.com\/de\/hebergement-pour-tous\/"},"modified":"2024-04-12T07:51:15","modified_gmt":"2024-04-12T06:51:15","slug":"unterkunft-fur-alle","status":"publish","type":"page","link":"https:\/\/domainedetrestraou.com\/de\/domain-prasentation\/unterkunft-fur-alle\/","title":{"rendered":"Urlaub f\u00fcr jeden Geschmack"},"content":{"rendered":"<p>Suchen Sie Strand, Natur, Ruhe,<br \/>\nSie m\u00f6gen Wandern, Aktivit\u00e4ten am Meer und Wohlbefinden,<br \/>\nSie m\u00f6chten die Bretagne besser kennenlernen, ihre Kultur, ihre Fauna, ihre Flora und ihre geologischen Kuriosit\u00e4ten,<\/p>\n<p>F\u00fcr ein Wochenende, eine Woche oder den ganzen Sommer; allein, mit Familie oder Freunden,<\/p>\n<p>In einem vor Ort gemieteten Zelt, Wohnmobil oder einer Unterkunft,<\/p>\n<p>Dann ist dieser Bereich der Freiluftunterk\u00fcnfte * * * wie f\u00fcr Sie gemacht!<\/p>\n<p>Das Anwesen liegt in der N\u00e4he verschiedener und zahlreicher Aktivit\u00e4ten:<\/p>\n<p>Meeresthermen<br \/>\nSegelschule (ab 4 Jahre)<br \/>\nSurfschule, Windsurfen (ab 4 Jahre)<br \/>\nStrandclub (ab 2 Jahren)<br \/>\nMinigolf<br \/>\nTennis<br \/>\nCasino (Spiele) und Kinos<br \/>\nKarussell<br \/>\nRestaurants \/ Bars: vom Take-out bis zum Gourmetrestaurant,<br \/>\nGesch\u00e4fte \/ Gesch\u00e4fte<br \/>\nNachtmarkt, Konzerte<br \/>\nSportliche, kulturelle, musikalische Veranstaltungen etc.<\/p>\n<p>Und vor allem ist die Domaine de Trestraou am Start:<\/p>\n<p>vom K\u00fcstenwanderweg bis zu den \u00fcberraschenden rosa Felsen von Ploumanac&#8217;h (GR34).<br \/>\ndes Besuchs des Archipels der 7 Inseln.<\/p>\n","protected":false},"excerpt":{"rendered":"<p>Suchen Sie Strand, Natur, Ruhe, Sie m\u00f6gen Wandern, Aktivit\u00e4ten am Meer und Wohlbefinden, Sie m\u00f6chten die Bretagne besser kennenlernen, ihre Kultur, ihre Fauna, ihre Flora und ihre geologischen Kuriosit\u00e4ten, F\u00fcr ein Wochenende, eine Woche oder den ganzen Sommer; allein, mit Familie oder Freunden, In einem vor Ort gemieteten Zelt, Wohnmobil oder einer Unterkunft, Dann ist [&hellip;]<\/p>\n","protected":false},"author":2,"featured_media":0,"parent":1951,"menu_order":1,"comment_status":"open","ping_status":"closed","template":"","meta":{"_acf_changed":false,"_monsterinsights_skip_tracking":false,"_monsterinsights_sitenote_active":false,"_monsterinsights_sitenote_note":"","_monsterinsights_sitenote_category":0,"footnotes":""},"class_list":["post-720","page","type-page","status-publish","hentry"],"acf":[],"aioseo_notices":[],"_links":{"self":[{"href":"https:\/\/domainedetrestraou.com\/de\/wp-json\/wp\/v2\/pages\/720","targetHints":{"allow":["GET"]}}],"collection":[{"href":"https:\/\/domainedetrestraou.com\/de\/wp-json\/wp\/v2\/pages"}],"about":[{"href":"https:\/\/domainedetrestraou.com\/de\/wp-json\/wp\/v2\/types\/page"}],"author":[{"embeddable":true,"href":"https:\/\/domainedetrestraou.com\/de\/wp-json\/wp\/v2\/users\/2"}],"replies":[{"embeddable":true,"href":"https:\/\/domainedetrestraou.com\/de\/wp-json\/wp\/v2\/comments?post=720"}],"version-history":[{"count":14,"href":"https:\/\/domainedetrestraou.com\/de\/wp-json\/wp\/v2\/pages\/720\/revisions"}],"predecessor-version":[{"id":13163,"href":"https:\/\/domainedetrestraou.com\/de\/wp-json\/wp\/v2\/pages\/720\/revisions\/13163"}],"up":[{"embeddable":true,"href":"https:\/\/domainedetrestraou.com\/de\/wp-json\/wp\/v2\/pages\/1951"}],"wp:attachment":[{"href":"https:\/\/domainedetrestraou.com\/de\/wp-json\/wp\/v2\/media?parent=720"}],"curies":[{"name":"wp","href":"https:\/\/api.w.org\/{rel}","templated":true}]}}