{"id":712,"date":"2015-01-27T10:47:13","date_gmt":"2015-01-27T09:47:13","guid":{"rendered":"http:\/\/domainedetrestraou.com\/de\/les-points-forts\/"},"modified":"2024-04-12T07:48:25","modified_gmt":"2024-04-12T06:48:25","slug":"les-points-forts","status":"publish","type":"page","link":"https:\/\/domainedetrestraou.com\/de\/domain-prasentation\/les-points-forts\/","title":{"rendered":"H\u00f6hepunkte"},"content":{"rendered":"<p>Ein ruhiger und gut gelegener Ort.<\/p>\n<p>Es ist ein privater und famili\u00e4rer Park, der Sie einl\u00e4dt, sich 150 Meter vom STRAND entfernt, in der N\u00e4he von touristischen und sportlichen Aktivit\u00e4ten und in der N\u00e4he des Stadtzentrums von Perros-Guirec (15 Minuten zu Fu\u00df) auszuruhen.<br \/>\nEs erstreckt sich \u00fcber 3 Hektar Gr\u00fcn und bietet 180 Stellpl\u00e4tze, die haupts\u00e4chlich f\u00fcr Zelte und Wohnmobile bestimmt sind, darunter 23 f\u00fcr Mietunterk\u00fcnfte mit Meerblick oder Blick auf die Landschaft.<br \/>\nSie werden die Ruhe und die Vielfalt der Plantagen in diesem Park zu sch\u00e4tzen wissen.<\/p>\n<p>Dienstleistungen: Komfort zu jeder Zeit<br \/>\nWifi: \u00dcberall im Camp verf\u00fcgbar (manchmal k\u00f6nnen B\u00e4ume im Weg sein!), Kauf von Wifi-Tickets an der Rezeption.<br \/>\nUnbegrenzt hei\u00dfe Duschen! Warmwasser ist an jeder Station verf\u00fcgbar.<br \/>\nStandardanschl\u00fcsse (6 bis 16 Ampere) mit franz\u00f6sischen oder europ\u00e4ischen Steckern (blaue Stecker).<br \/>\nWaschmaschine, Trockner (M\u00fcnzen an der Rezeption erh\u00e4ltlich), B\u00fcgeln<br \/>\nEntleerungsbereich f\u00fcr Wohnmobile<br \/>\nBusparkplatz m\u00f6glich<br \/>\nSpiele: viele Berufe<br \/>\nTischtennisplatte<br \/>\nVolleyballplatz<br \/>\nBabyfu\u00df<br \/>\nSpielplatz f\u00fcr j\u00fcngere Kinder<br \/>\nLounge mit Brettspielen usw. (au\u00dfer Covid-Zeitraum)<br \/>\nTrampolin<\/p>\n<p>+ Unsere Aktivit\u00e4ten am Strand: Tennis, Minigolf, Cr\u00eaperie&#8230;<br \/>\n+ Viele andere Aktivit\u00e4ten am Strand<br \/>\n+ Viele Sehensw\u00fcrdigkeiten in Tr\u00e9gor und dar\u00fcber hinaus.<\/p>\n<p>Essen: alles in der N\u00e4he<\/p>\n<p>Kleine Gasflaschen vor Ort.<br \/>\nEssen: Carrefour City 200 m entfernt.<br \/>\nB\u00e4ckerei 150m entfernt.<br \/>\nLebensmittelgesch\u00e4ft vor Ort<br \/>\nViele Gesch\u00e4fte und mittelgro\u00dfe Gesch\u00e4fte im Stadtzentrum von Perros-Guirec.<\/p>\n<p>Tiere<\/p>\n<p>Haustiere sind in Ihren Einrichtungen willkommen, geimpft, t\u00e4towiert und an der Leine gef\u00fchrt. In den Mietobjekten werden nur kleine Hunde geduldet.<\/p>\n","protected":false},"excerpt":{"rendered":"<p>Ein ruhiger und gut gelegener Ort. Es ist ein privater und famili\u00e4rer Park, der Sie einl\u00e4dt, sich 150 Meter vom STRAND entfernt, in der N\u00e4he von touristischen und sportlichen Aktivit\u00e4ten und in der N\u00e4he des Stadtzentrums von Perros-Guirec (15 Minuten zu Fu\u00df) auszuruhen. Es erstreckt sich \u00fcber 3 Hektar Gr\u00fcn und bietet 180 Stellpl\u00e4tze, die [&hellip;]<\/p>\n","protected":false},"author":2,"featured_media":0,"parent":1951,"menu_order":0,"comment_status":"open","ping_status":"closed","template":"","meta":{"_acf_changed":false,"_monsterinsights_skip_tracking":false,"_monsterinsights_sitenote_active":false,"_monsterinsights_sitenote_note":"","_monsterinsights_sitenote_category":0,"footnotes":""},"class_list":["post-712","page","type-page","status-publish","hentry"],"acf":[],"aioseo_notices":[],"_links":{"self":[{"href":"https:\/\/domainedetrestraou.com\/de\/wp-json\/wp\/v2\/pages\/712","targetHints":{"allow":["GET"]}}],"collection":[{"href":"https:\/\/domainedetrestraou.com\/de\/wp-json\/wp\/v2\/pages"}],"about":[{"href":"https:\/\/domainedetrestraou.com\/de\/wp-json\/wp\/v2\/types\/page"}],"author":[{"embeddable":true,"href":"https:\/\/domainedetrestraou.com\/de\/wp-json\/wp\/v2\/users\/2"}],"replies":[{"embeddable":true,"href":"https:\/\/domainedetrestraou.com\/de\/wp-json\/wp\/v2\/comments?post=712"}],"version-history":[{"count":18,"href":"https:\/\/domainedetrestraou.com\/de\/wp-json\/wp\/v2\/pages\/712\/revisions"}],"predecessor-version":[{"id":13157,"href":"https:\/\/domainedetrestraou.com\/de\/wp-json\/wp\/v2\/pages\/712\/revisions\/13157"}],"up":[{"embeddable":true,"href":"https:\/\/domainedetrestraou.com\/de\/wp-json\/wp\/v2\/pages\/1951"}],"wp:attachment":[{"href":"https:\/\/domainedetrestraou.com\/de\/wp-json\/wp\/v2\/media?parent=712"}],"curies":[{"name":"wp","href":"https:\/\/api.w.org\/{rel}","templated":true}]}}