{"id":701,"date":"2014-04-15T16:06:51","date_gmt":"2014-04-15T15:06:51","guid":{"rendered":"http:\/\/domainedetrestraou.com\/de\/accueil\/"},"modified":"2023-11-13T11:13:58","modified_gmt":"2023-11-13T10:13:58","slug":"accueil","status":"publish","type":"page","link":"https:\/\/domainedetrestraou.com\/de\/","title":{"rendered":"Willkommen"},"content":{"rendered":"<p><strong>Herrliches Gr\u00fcn, himmlische Ruhe und famili\u00e4re Atmosph\u00e4re<\/strong>.<strong>\u00a0<\/strong>Dieser 3 Hektar gro\u00dfe Ferienpark empf\u00e4ngt bereits seit 1920 Neugierige, die die Bretagne, ihre Kultur und ihre Natur entdecken m\u00f6chten. Und das alles vor au\u00dfergew\u00f6hnlicher Kulisse:<\/p>\n<p><strong>Lediglich 100 m\u00a0<\/strong>trennen Sie vom zentralen\u00a0<strong>Strand<\/strong>\u00a0von Perros-Guirec mit Blick auf die vorgelagerte Inselgruppe Sept \u00celes.<\/p>\n<p><strong><span lang=\"DE\" style=\"font-family: 'Georgia','serif'; color: #333333;\">Dank der hervorragenden Lage der Domaine befinden sich s\u00e4mtliche Annehmlichkeiten im Umkreis von nur 5 bis 15 Gehminuten!<\/span><\/strong><\/p>\n<p class=\"western\"><span lang=\"DE\" style=\"font-family: 'Georgia','serif'; color: #333333;\">Am Strand: Z\u00f6llnerpfad GR 34 (der K\u00fcstenwanderweg &#8222;Sentier des Douaniers&#8220; f\u00fchrt Sie zu den rosa Felsformationen von Ploumanac&#8217;h), Ausgangspunkt f\u00fcr Fahrten zur Inselgruppe Sept \u00celes, Thalasso-Zentrum Thermes Marins, Segeln, Surfen, Tennis, Minigolf, Strandklub f\u00fcr Kinder, Lehrschwimmbecken, Kino, Spielkasino, Sport- und Kulturveranstaltungen, Boutiquen und Restaurants &#8230;<\/span><\/p>\n<p class=\"western\"><span lang=\"DE\" style=\"font-family: 'Georgia','serif'; color: #333333;\">Innenstadt in 15 Gehminuten Entfernung u. v. m.<\/span><\/p>\n<p class=\"western\"><img loading=\"lazy\" decoding=\"async\" class=\"alignnone size-full wp-image-669\" src=\"http:\/\/domainedetrestraou.com\/wp-content\/uploads\/2014\/04\/LVPDF_2015.jpg\" alt=\"LVPDF_2015\" width=\"250\" height=\"126\" srcset=\"https:\/\/domainedetrestraou.com\/wp-content\/uploads\/2014\/04\/LVPDF_2015.jpg 250w, https:\/\/domainedetrestraou.com\/wp-content\/uploads\/2014\/04\/LVPDF_2015-150x76.jpg 150w\" sizes=\"auto, (max-width: 250px) 100vw, 250px\" \/><img loading=\"lazy\" decoding=\"async\" class=\"alignnone size-full wp-image-4022\" src=\"https:\/\/domainedetrestraou.com\/wp-content\/uploads\/2022\/05\/camping2be-winner-2022.png\" alt=\"\" width=\"180\" height=\"180\" srcset=\"https:\/\/domainedetrestraou.com\/wp-content\/uploads\/2022\/05\/camping2be-winner-2022.png 180w, https:\/\/domainedetrestraou.com\/wp-content\/uploads\/2022\/05\/camping2be-winner-2022-150x150.png 150w\" sizes=\"auto, (max-width: 180px) 100vw, 180px\" \/><img loading=\"lazy\" decoding=\"async\" class=\"alignnone wp-image-3937\" src=\"https:\/\/domainedetrestraou.com\/wp-content\/uploads\/2021\/11\/ANWB-2021-13010-fr.jpeg\" alt=\"\" width=\"148\" height=\"148\" srcset=\"https:\/\/domainedetrestraou.com\/wp-content\/uploads\/2021\/11\/ANWB-2021-13010-fr.jpeg 240w, https:\/\/domainedetrestraou.com\/wp-content\/uploads\/2021\/11\/ANWB-2021-13010-fr-150x150.jpeg 150w\" sizes=\"auto, (max-width: 148px) 100vw, 148px\" \/><\/p>\n<p><strong>Die Domaine de Trestraou und ihr gesamtes Team sind engagiert und geben sich die notwendigen Mittel, um das Gesundheitsprotokoll der FNHPA zu respektieren<\/strong><\/p>\n<p><img decoding=\"async\" src=\"https:\/\/cdn.webikeo.com\/webinar_logo\/2020-05-13-c231b5d77d7a7af27599c67e59dbc1b2.png\" \/><\/p>\n<p>Bereiten Sie Ihre Route oder Tageswanderung auf dem Sentier des Douaniers in der Bretagne vor. Bereiten Sie Ihre Route oder Tageswanderung auf dem Sentier des Douaniers in der Bretagne mit itirando vor<br \/>\n<a href=\"https:\/\/itirando.bzh\/\"><img loading=\"lazy\" decoding=\"async\" src=\"https:\/\/domainedetrestraou.com\/wp-content\/uploads\/2023\/11\/Logo-1410-x-1410-150x150.jpg\" alt=\"itirando, Bereiten Sie Ihre Route oder Tageswanderung auf dem Sentier des Douaniers\" width=\"150\" height=\"150\" class=\"alignnone size-thumbnail wp-image-10654\" srcset=\"https:\/\/domainedetrestraou.com\/wp-content\/uploads\/2023\/11\/Logo-1410-x-1410-150x150.jpg 150w, https:\/\/domainedetrestraou.com\/wp-content\/uploads\/2023\/11\/Logo-1410-x-1410-300x298.jpg 300w, https:\/\/domainedetrestraou.com\/wp-content\/uploads\/2023\/11\/Logo-1410-x-1410-1208x1200.jpg 1208w, https:\/\/domainedetrestraou.com\/wp-content\/uploads\/2023\/11\/Logo-1410-x-1410-768x763.jpg 768w, https:\/\/domainedetrestraou.com\/wp-content\/uploads\/2023\/11\/Logo-1410-x-1410.jpg 1420w\" sizes=\"auto, (max-width: 150px) 100vw, 150px\" \/><\/a><\/p>\n","protected":false},"excerpt":{"rendered":"<p>Herrliches Gr\u00fcn, himmlische Ruhe und famili\u00e4re Atmosph\u00e4re.\u00a0Dieser 3 Hektar gro\u00dfe Ferienpark empf\u00e4ngt bereits seit 1920 Neugierige, die die Bretagne, ihre Kultur und ihre Natur entdecken m\u00f6chten. Und das alles vor au\u00dfergew\u00f6hnlicher Kulisse: Lediglich 100 m\u00a0trennen Sie vom zentralen\u00a0Strand\u00a0von Perros-Guirec mit Blick auf die vorgelagerte Inselgruppe Sept \u00celes. Dank der hervorragenden Lage der Domaine befinden sich [&hellip;]<\/p>\n","protected":false},"author":2,"featured_media":0,"parent":0,"menu_order":0,"comment_status":"open","ping_status":"open","template":"template-accueil.php","meta":{"_acf_changed":false,"_monsterinsights_skip_tracking":false,"_monsterinsights_sitenote_active":false,"_monsterinsights_sitenote_note":"","_monsterinsights_sitenote_category":0,"footnotes":""},"class_list":["post-701","page","type-page","status-publish","hentry"],"acf":[],"aioseo_notices":[],"_links":{"self":[{"href":"https:\/\/domainedetrestraou.com\/de\/wp-json\/wp\/v2\/pages\/701","targetHints":{"allow":["GET"]}}],"collection":[{"href":"https:\/\/domainedetrestraou.com\/de\/wp-json\/wp\/v2\/pages"}],"about":[{"href":"https:\/\/domainedetrestraou.com\/de\/wp-json\/wp\/v2\/types\/page"}],"author":[{"embeddable":true,"href":"https:\/\/domainedetrestraou.com\/de\/wp-json\/wp\/v2\/users\/2"}],"replies":[{"embeddable":true,"href":"https:\/\/domainedetrestraou.com\/de\/wp-json\/wp\/v2\/comments?post=701"}],"version-history":[{"count":24,"href":"https:\/\/domainedetrestraou.com\/de\/wp-json\/wp\/v2\/pages\/701\/revisions"}],"predecessor-version":[{"id":10668,"href":"https:\/\/domainedetrestraou.com\/de\/wp-json\/wp\/v2\/pages\/701\/revisions\/10668"}],"wp:attachment":[{"href":"https:\/\/domainedetrestraou.com\/de\/wp-json\/wp\/v2\/media?parent=701"}],"curies":[{"name":"wp","href":"https:\/\/api.w.org\/{rel}","templated":true}]}}