{"id":4083,"date":"2022-05-31T16:08:19","date_gmt":"2022-05-31T15:08:19","guid":{"rendered":"https:\/\/domainedetrestraou.com\/nuetzliche-hinweise\/camping-responsable\/"},"modified":"2022-05-31T16:12:00","modified_gmt":"2022-05-31T15:12:00","slug":"umweltbewusster-campingplatz","status":"publish","type":"page","link":"https:\/\/domainedetrestraou.com\/de\/nuetzliche-hinweise\/umweltbewusster-campingplatz\/","title":{"rendered":"Umweltbewusster Campingplatz"},"content":{"rendered":"<h3><strong>Unsere Einrichtung verf\u00fcgt \u00fcber:<\/strong><\/h3>\n<ul>\n<li>Gl\u00fchbirnen mit geringem Verbrauch<\/li>\n<li>In Duschen und Wasserh\u00e4hnen integrierte Wassersparer (au\u00dfer auf Feldern)<\/li>\n<li>Bereiche \u201eAbfallsortierung\u201c:\n<ul>\n<li>Glas (GR\u00dcNE Tonne)<\/li>\n<li>Papier\/Karton\/Aluminium\/Kunststoff (GELBE M\u00c4NNCHEN)<\/li>\n<li>Sonstige Abf\u00e4lle in M\u00fclls\u00e4cken (GRAUE TONNEN)<\/li>\n<li>Gas\/Batterien etc. : an der Rezeption zu hinterlegen<\/li>\n<\/ul>\n<\/li>\n<li>MOTORHOME \u00d6L \u00d6LPLATTFORM:\n<ul>\n<li>Abwasser: auf dem Gitter der Plattform<\/li>\n<li>Schwarzwasser (\u201eKassetten\u201c): NUR IM BEH\u00c4LTER Betonquadrat am Fu\u00df der B\u00f6schung<\/li>\n<li>Wassernachf\u00fcllung (Schlauch vorhanden)<\/li>\n<\/ul>\n<\/li>\n<\/ul>\n<h3>Und du, was kannst du tun?<\/h3>\n<ul>\n<li>Wasser sparen:\n<ul>\n<li>Waschbecken &amp; W\u00e4schek\u00f6rbe (Nutzung von Becken)<\/li>\n<li>Duschen<\/li>\n<li>Teilen Sie uns mit, wenn Sie ein Leck sehen (Wasserhahn, Dusche, Toilette usw.)<\/li>\n<\/ul>\n<\/li>\n<li>Lass sauber zur\u00fcck:\n<ul>\n<li>Duschabzieher und Toilettenb\u00fcrsten erh\u00e4ltlich;<\/li>\n<li>Heben Sie Papiere (Handt\u00fccher, Toilettenpapier usw.) auf, die versehentlich heruntergefallen sind.<\/li>\n<\/ul>\n<\/li>\n<li>Sparen Sie Strom aus dem Stromnetz, so viel wie m\u00f6glich<\/li>\n<li>Sortieren Sie Ihren Abfall<\/li>\n<li>Wohnmobile: Gie\u00dfen Sie Ihr Schwarzwasser NUR in die daf\u00fcr vorgesehenen Beh\u00e4lter<\/li>\n<li>Fortbewegung zu Fu\u00df oder mit dem Fahrrad (elektrisch oder nicht)<\/li>\n<li><strong>Respektiere die Orte: unsere B\u00e4ume, unsere Pflanzen usw.<\/strong><\/li>\n<\/ul>\n<p><strong>Danke!<\/strong><\/p>\n","protected":false},"excerpt":{"rendered":"<p>Unsere Einrichtung verf\u00fcgt \u00fcber: Gl\u00fchbirnen mit geringem Verbrauch In Duschen und Wasserh\u00e4hnen integrierte Wassersparer (au\u00dfer auf Feldern) Bereiche \u201eAbfallsortierung\u201c: Glas (GR\u00dcNE Tonne) Papier\/Karton\/Aluminium\/Kunststoff (GELBE M\u00c4NNCHEN) Sonstige Abf\u00e4lle in M\u00fclls\u00e4cken (GRAUE TONNEN) Gas\/Batterien etc. : an der Rezeption zu hinterlegen MOTORHOME \u00d6L \u00d6LPLATTFORM: Abwasser: auf dem Gitter der Plattform Schwarzwasser (\u201eKassetten\u201c): NUR IM BEH\u00c4LTER Betonquadrat am [&hellip;]<\/p>\n","protected":false},"author":13,"featured_media":0,"parent":878,"menu_order":0,"comment_status":"closed","ping_status":"closed","template":"","meta":{"_acf_changed":false,"_monsterinsights_skip_tracking":false,"_monsterinsights_sitenote_active":false,"_monsterinsights_sitenote_note":"","_monsterinsights_sitenote_category":0,"footnotes":""},"class_list":["post-4083","page","type-page","status-publish","hentry"],"acf":[],"aioseo_notices":[],"_links":{"self":[{"href":"https:\/\/domainedetrestraou.com\/de\/wp-json\/wp\/v2\/pages\/4083","targetHints":{"allow":["GET"]}}],"collection":[{"href":"https:\/\/domainedetrestraou.com\/de\/wp-json\/wp\/v2\/pages"}],"about":[{"href":"https:\/\/domainedetrestraou.com\/de\/wp-json\/wp\/v2\/types\/page"}],"author":[{"embeddable":true,"href":"https:\/\/domainedetrestraou.com\/de\/wp-json\/wp\/v2\/users\/13"}],"replies":[{"embeddable":true,"href":"https:\/\/domainedetrestraou.com\/de\/wp-json\/wp\/v2\/comments?post=4083"}],"version-history":[{"count":3,"href":"https:\/\/domainedetrestraou.com\/de\/wp-json\/wp\/v2\/pages\/4083\/revisions"}],"predecessor-version":[{"id":4097,"href":"https:\/\/domainedetrestraou.com\/de\/wp-json\/wp\/v2\/pages\/4083\/revisions\/4097"}],"up":[{"embeddable":true,"href":"https:\/\/domainedetrestraou.com\/de\/wp-json\/wp\/v2\/pages\/878"}],"wp:attachment":[{"href":"https:\/\/domainedetrestraou.com\/de\/wp-json\/wp\/v2\/media?parent=4083"}],"curies":[{"name":"wp","href":"https:\/\/api.w.org\/{rel}","templated":true}]}}