{"id":4045,"date":"2022-05-31T15:43:10","date_gmt":"2022-05-31T14:43:10","guid":{"rendered":"https:\/\/domainedetrestraou.com\/accessibilite\/"},"modified":"2022-05-31T15:54:56","modified_gmt":"2022-05-31T14:54:56","slug":"barrierefreiheit","status":"publish","type":"page","link":"https:\/\/domainedetrestraou.com\/de\/barrierefreiheit\/","title":{"rendered":"Barrierefreiheit"},"content":{"rendered":"<p><strong>Aufgrund seiner Geographie ist Domaine de Trestraou Camping *** nat\u00fcrlich f\u00fcr den Rollstuhlverkehr geeignet.<\/strong><\/p>\n<p>1- Der Hauptweg ist asphaltiert.<br \/>\n2- Mehrere sehr flache Stellpl\u00e4tze s\u00e4umen den Hauptweg.<br \/>\n3- Je nach Situation:<\/p>\n<ul>\n<li>Der Zugang zu den Haupttoiletten (vor der Rezeption) erfolgt \u00fcber eine leichte Steigung:<\/li>\n<li>Im linken Block:\n<ul>\n<li>Behindertentoilette in der N\u00e4he der anderen Toiletten +<\/li>\n<li>Angepasster W\u00e4schekorb am Heck.<\/li>\n<\/ul>\n<\/li>\n<li>Ein PRM-Bad befindet sich im Herzen des Gel\u00e4ndes und ist \u00fcber eine angepasste Steigung f\u00fcr Rollstuhlfahrer zug\u00e4nglich. Die Schl\u00fcssel\u00fcbergabe erfolgt bei Ankunft an der Rezeption<\/li>\n<\/ul>\n<p>4- Der Zugang zum STRAND befindet sich im Erdgeschoss!<\/p>\n<p>5- Am Strand, um in den Sand zu gehen, gibt es:<\/p>\n<ul>\n<li>Die Bootsrampe bei der Ankunft<\/li>\n<li>Oder am anderen Ende des Strandes, eine weitere Rampe, vor der Rettungsschwimmerstation (unter der gr\u00fcnen Flagge).<\/li>\n<\/ul>\n<p>6- Zum Schwimmen steht an der Rettungsstation (unter der gr\u00fcnen Flagge) ein angepasster, seewasserbest\u00e4ndiger Sessel zur Verf\u00fcgung.<br \/>\n7- Sie k\u00f6nnen den Pier f\u00fcr den Ausflug zu den 7 Inseln auf einer Ebene erreichen.<br \/>\n8- Sie k\u00f6nnen die B\u00e4ckerei auf einer Ebene betreten.<br \/>\n9- In Trestraou k\u00f6nnen Sie den Shuttle \u201eMACAREUX\u201c nehmen, um zu anderen Orten in Perros-Guirec oder Tr\u00e9gastel zu gelangen. Oder nehmen Sie den Bus, um weiter zu fahren (z. B. Bahnhof Lannion). Die n\u00e4chste Haltestelle befindet sich beim Verlassen des Campingplatzes auf der linken Seite, die Stra\u00dfe \u00fcberqueren, vor dem Parkplatz\/Spielplatz.<\/p>\n<p><strong>Wir sind besonders pr\u00e4sent, um auf Ihre Anfragen zu reagieren; Z\u00f6gern Sie auch nicht, uns dies mitzuteilen.<\/strong><\/p>\n<p><strong>EMPFANG: 06 08 99 03 93<\/strong><\/p>\n<p><strong>Wir w\u00fcnschen Ihnen einen ausgezeichneten Aufenthalt in Perros!<\/strong><\/p>\n","protected":false},"excerpt":{"rendered":"<p>Aufgrund seiner Geographie ist Domaine de Trestraou Camping *** nat\u00fcrlich f\u00fcr den Rollstuhlverkehr geeignet. 1- Der Hauptweg ist asphaltiert. 2- Mehrere sehr flache Stellpl\u00e4tze s\u00e4umen den Hauptweg. 3- Je nach Situation: Der Zugang zu den Haupttoiletten (vor der Rezeption) erfolgt \u00fcber eine leichte Steigung: Im linken Block: Behindertentoilette in der N\u00e4he der anderen Toiletten + [&hellip;]<\/p>\n","protected":false},"author":13,"featured_media":0,"parent":0,"menu_order":0,"comment_status":"closed","ping_status":"closed","template":"","meta":{"_acf_changed":false,"_monsterinsights_skip_tracking":false,"_monsterinsights_sitenote_active":false,"_monsterinsights_sitenote_note":"","_monsterinsights_sitenote_category":0,"footnotes":""},"class_list":["post-4045","page","type-page","status-publish","hentry"],"acf":[],"aioseo_notices":[],"_links":{"self":[{"href":"https:\/\/domainedetrestraou.com\/de\/wp-json\/wp\/v2\/pages\/4045","targetHints":{"allow":["GET"]}}],"collection":[{"href":"https:\/\/domainedetrestraou.com\/de\/wp-json\/wp\/v2\/pages"}],"about":[{"href":"https:\/\/domainedetrestraou.com\/de\/wp-json\/wp\/v2\/types\/page"}],"author":[{"embeddable":true,"href":"https:\/\/domainedetrestraou.com\/de\/wp-json\/wp\/v2\/users\/13"}],"replies":[{"embeddable":true,"href":"https:\/\/domainedetrestraou.com\/de\/wp-json\/wp\/v2\/comments?post=4045"}],"version-history":[{"count":3,"href":"https:\/\/domainedetrestraou.com\/de\/wp-json\/wp\/v2\/pages\/4045\/revisions"}],"predecessor-version":[{"id":4068,"href":"https:\/\/domainedetrestraou.com\/de\/wp-json\/wp\/v2\/pages\/4045\/revisions\/4068"}],"wp:attachment":[{"href":"https:\/\/domainedetrestraou.com\/de\/wp-json\/wp\/v2\/media?parent=4045"}],"curies":[{"name":"wp","href":"https:\/\/api.w.org\/{rel}","templated":true}]}}