{"id":3988,"date":"2014-04-08T11:02:36","date_gmt":"2014-04-08T10:02:36","guid":{"rendered":"https:\/\/domainedetrestraou.com\/komfort-unterkuenfte-im-freien\/caravan-park\/"},"modified":"2022-05-31T14:30:43","modified_gmt":"2022-05-31T13:30:43","slug":"camping-platz","status":"publish","type":"page","link":"https:\/\/domainedetrestraou.com\/de\/komfort-unterkuenfte-im-freien\/camping-platz\/","title":{"rendered":"Camping Platz"},"content":{"rendered":"<p>Dank seiner au\u00dfergew\u00f6hnlichen Lage im Herzen von Perros-Guirec hat sich die Domaine de Trestraou den Ruf eines unumg\u00e4nglichen Zwischenstopps f\u00fcr Karawanenfahrer erworben.<\/p>\n<p>In dieser reizvollen Umgebung am Meer ist Ihnen ein angenehmer und friedlicher Aufenthalt garantiert.<\/p>\n<p>Wohnwagen k\u00f6nnen bis zu 18 Stunden auf der Domaine de Trestraou bleiben, sodass Sie gen\u00fcgend Zeit haben, die Gegend zu erkunden!<\/p>\n<p>Einige unserer Wohnwagenstellpl\u00e4tze haben Meerblick.<br \/>\nWir verf\u00fcgen \u00fcber ma\u00dfgeschneiderte Entsorgungseinrichtungen (f\u00fcr Schmutzwasser und Abf\u00e4lle aus Chemie-WCs).<br \/>\nMachen Sie nach dem Parken einen Spaziergang durch Perros!<\/p>\n<p>Machen Sie das Beste aus dem Komfort und der Sicherheit, die wir Ihnen auf der Domaine de Trestraou bieten; Nehmen Sie sich Zeit, um die Wunder unserer Region zu entdecken!<\/p>\n","protected":false},"excerpt":{"rendered":"<p>Dank seiner au\u00dfergew\u00f6hnlichen Lage im Herzen von Perros-Guirec hat sich die Domaine de Trestraou den Ruf eines unumg\u00e4nglichen Zwischenstopps f\u00fcr Karawanenfahrer erworben. In dieser reizvollen Umgebung am Meer ist Ihnen ein angenehmer und friedlicher Aufenthalt garantiert. Wohnwagen k\u00f6nnen bis zu 18 Stunden auf der Domaine de Trestraou bleiben, sodass Sie gen\u00fcgend Zeit haben, die Gegend [&hellip;]<\/p>\n","protected":false},"author":2,"featured_media":0,"parent":2104,"menu_order":0,"comment_status":"open","ping_status":"open","template":"","meta":{"_acf_changed":false,"_monsterinsights_skip_tracking":false,"_monsterinsights_sitenote_active":false,"_monsterinsights_sitenote_note":"","_monsterinsights_sitenote_category":0,"footnotes":""},"class_list":["post-3988","page","type-page","status-publish","hentry"],"acf":[],"aioseo_notices":[],"_links":{"self":[{"href":"https:\/\/domainedetrestraou.com\/de\/wp-json\/wp\/v2\/pages\/3988","targetHints":{"allow":["GET"]}}],"collection":[{"href":"https:\/\/domainedetrestraou.com\/de\/wp-json\/wp\/v2\/pages"}],"about":[{"href":"https:\/\/domainedetrestraou.com\/de\/wp-json\/wp\/v2\/types\/page"}],"author":[{"embeddable":true,"href":"https:\/\/domainedetrestraou.com\/de\/wp-json\/wp\/v2\/users\/2"}],"replies":[{"embeddable":true,"href":"https:\/\/domainedetrestraou.com\/de\/wp-json\/wp\/v2\/comments?post=3988"}],"version-history":[{"count":1,"href":"https:\/\/domainedetrestraou.com\/de\/wp-json\/wp\/v2\/pages\/3988\/revisions"}],"predecessor-version":[{"id":3989,"href":"https:\/\/domainedetrestraou.com\/de\/wp-json\/wp\/v2\/pages\/3988\/revisions\/3989"}],"up":[{"embeddable":true,"href":"https:\/\/domainedetrestraou.com\/de\/wp-json\/wp\/v2\/pages\/2104"}],"wp:attachment":[{"href":"https:\/\/domainedetrestraou.com\/de\/wp-json\/wp\/v2\/media?parent=3988"}],"curies":[{"name":"wp","href":"https:\/\/api.w.org\/{rel}","templated":true}]}}