{"id":1979,"date":"2014-04-08T10:57:50","date_gmt":"2014-04-08T09:57:50","guid":{"rendered":"http:\/\/domainedetrestraou.com\/www2\/de\/plan-du-site\/"},"modified":"2016-05-02T09:03:17","modified_gmt":"2016-05-02T08:03:17","slug":"plan-du-site","status":"publish","type":"page","link":"https:\/\/domainedetrestraou.com\/de\/plan-du-site\/","title":{"rendered":"Sitemap"},"content":{"rendered":"<ul class=\"page-list \">\n<li class=\"page_item page-item-114\"><a href=\"http:\/\/tretraou.c4web1.syntis.net\/\">Accueil<\/a><\/li>\n<li class=\"page_item page-item-11 page_item_has_children\">Le domaine\n<ul class=\"children\">\n<li class=\"page_item page-item-176\"><a href=\"http:\/\/tretraou.c4web1.syntis.net\/presentation-du-domaine\/les-points-forts\/\">Points forts<\/a><\/li>\n<li class=\"page_item page-item-10\"><a href=\"http:\/\/tretraou.c4web1.syntis.net\/presentation-du-domaine\/hebergement-pour-tous\/\">Pour tous les go\u00fbts<\/a><\/li>\n<\/ul>\n<\/li>\n<li class=\"page_item page-item-12 page_item_has_children\">H\u00f4tellerie de plein-air\n<ul class=\"children\">\n<li class=\"page_item page-item-43\"><a href=\"http:\/\/tretraou.c4web1.syntis.net\/hotellerie-de-plein-air\/aire-de-stationnement-camping-car\/\">Aire de stationnement Camping-car<\/a><\/li>\n<li class=\"page_item page-item-39\"><a href=\"http:\/\/tretraou.c4web1.syntis.net\/hotellerie-de-plein-air\/camping-car\/\">Camping-cars<\/a><\/li>\n<li class=\"page_item page-item-37\"><a href=\"http:\/\/tretraou.c4web1.syntis.net\/hotellerie-de-plein-air\/emplacements-de-camping\/\">Emplacements Libres<\/a><\/li>\n<li class=\"page_item page-item-41\"><a href=\"http:\/\/tretraou.c4web1.syntis.net\/hotellerie-de-plein-air\/hebergement-a-louer-a-lannee\/\">H\u00e9bergement Longue Dur\u00e9e<\/a><\/li>\n<li class=\"page_item page-item-35\"><a href=\"http:\/\/tretraou.c4web1.syntis.net\/hotellerie-de-plein-air\/hebergements-a-louer\/\">H\u00e9bergements de vacances<\/a><\/li>\n<\/ul>\n<\/li>\n<li class=\"page_item page-item-14 page_item_has_children\">Nos activit\u00e9s face \u00e0 la plage\n<ul class=\"children\">\n<li class=\"page_item page-item-51\"><a href=\"http:\/\/tretraou.c4web1.syntis.net\/activites-bord-mer\/plats-a-emporter\/\">Golf Gourmand<\/a><\/li>\n<li class=\"page_item page-item-45\"><a href=\"http:\/\/tretraou.c4web1.syntis.net\/activites-bord-mer\/mini-golf\/\">Mini-golf<\/a><\/li>\n<li class=\"page_item page-item-49\"><a title=\"La piscine d'apprentissage\" href=\"http:\/\/tretraou.c4web1.syntis.net\/activites-bord-mer\/piscine-dapprentissage\/\">Piscine d\u2019apprentissage<\/a><\/li>\n<li class=\"page_item page-item-47\"><a href=\"http:\/\/tretraou.c4web1.syntis.net\/activites-bord-mer\/tennis\/\">Tennis<\/a><\/li>\n<\/ul>\n<\/li>\n<li class=\"page_item page-item-20 page_item_has_children\">Autres Activit\u00e9s \/ Visites\n<ul class=\"children\">\n<li class=\"page_item page-item-28\"><a href=\"http:\/\/tretraou.c4web1.syntis.net\/visiter\/album-photo\/\">Album photos \/ vid\u00e9os<\/a><\/li>\n<li class=\"page_item page-item-59\"><a href=\"http:\/\/tretraou.c4web1.syntis.net\/visiter\/la-plage\/\">La plage<\/a><\/li>\n<li class=\"page_item page-item-61\"><a href=\"http:\/\/tretraou.c4web1.syntis.net\/visiter\/la-region\/\">La R\u00e9gion<\/a><\/li>\n<li class=\"page_item page-item-240\"><a href=\"http:\/\/tretraou.c4web1.syntis.net\/visiter\/liens\/\">Liens<\/a><\/li>\n<li class=\"page_item page-item-243\"><a href=\"http:\/\/tretraou.c4web1.syntis.net\/visiter\/perros-guirec-en-video\/\">Perros-Guirec en vid\u00e9o<\/a><\/li>\n<\/ul>\n<\/li>\n<li class=\"page_item page-item-16 page_item_has_children\">Tarifs\n<ul class=\"children\">\n<li class=\"page_item page-item-57\"><a href=\"http:\/\/tretraou.c4web1.syntis.net\/tarifs\/devis-courrier\/\">Devis \/ courrier<\/a><\/li>\n<li class=\"page_item page-item-55\"><a href=\"http:\/\/tretraou.c4web1.syntis.net\/tarifs\/tarifs-emplacements\/\">Tarifs Emplacements libres<\/a><\/li>\n<li class=\"page_item page-item-53\"><a href=\"http:\/\/tretraou.c4web1.syntis.net\/tarifs\/tarifs-locations\/\">Tarifs Locations<\/a><\/li>\n<\/ul>\n<\/li>\n<li class=\"page_item page-item-26\"><a href=\"http:\/\/tretraou.c4web1.syntis.net\/contacts-acces\/\">Contact \/ Acc\u00e8s<\/a><\/li>\n<li class=\"page_item page-item-142\"><a href=\"http:\/\/tretraou.c4web1.syntis.net\/foire-aux-questions\/\">Foire aux questions<\/a><\/li>\n<li class=\"page_item page-item-67\"><a href=\"http:\/\/tretraou.c4web1.syntis.net\/infos-pratiques\/cgv\/\">CGV<\/a><\/li>\n<li class=\"page_item page-item-246\"><a href=\"http:\/\/tretraou.c4web1.syntis.net\/infos-pratiques\/informations-pratiques\/\">Informations pratiques<\/a><\/li>\n<li class=\"page_item page-item-31\"><a href=\"http:\/\/tretraou.c4web1.syntis.net\/mentions-legales\/\">Mentions l\u00e9gales<\/a><\/li>\n<\/ul>\n","protected":false},"excerpt":{"rendered":"<p>Accueil Le domaine Points forts Pour tous les go\u00fbts H\u00f4tellerie de plein-air Aire de stationnement Camping-car Camping-cars Emplacements Libres H\u00e9bergement Longue Dur\u00e9e H\u00e9bergements de vacances Nos activit\u00e9s face \u00e0 la plage Golf Gourmand Mini-golf Piscine d\u2019apprentissage Tennis Autres Activit\u00e9s \/ Visites Album photos \/ vid\u00e9os La plage La R\u00e9gion Liens Perros-Guirec en vid\u00e9o Tarifs Devis [&hellip;]<\/p>\n","protected":false},"author":2,"featured_media":0,"parent":0,"menu_order":0,"comment_status":"open","ping_status":"open","template":"","meta":{"_acf_changed":false,"_monsterinsights_skip_tracking":false,"_monsterinsights_sitenote_active":false,"_monsterinsights_sitenote_note":"","_monsterinsights_sitenote_category":0,"footnotes":""},"class_list":["post-1979","page","type-page","status-publish","hentry"],"acf":[],"aioseo_notices":[],"_links":{"self":[{"href":"https:\/\/domainedetrestraou.com\/de\/wp-json\/wp\/v2\/pages\/1979","targetHints":{"allow":["GET"]}}],"collection":[{"href":"https:\/\/domainedetrestraou.com\/de\/wp-json\/wp\/v2\/pages"}],"about":[{"href":"https:\/\/domainedetrestraou.com\/de\/wp-json\/wp\/v2\/types\/page"}],"author":[{"embeddable":true,"href":"https:\/\/domainedetrestraou.com\/de\/wp-json\/wp\/v2\/users\/2"}],"replies":[{"embeddable":true,"href":"https:\/\/domainedetrestraou.com\/de\/wp-json\/wp\/v2\/comments?post=1979"}],"version-history":[{"count":4,"href":"https:\/\/domainedetrestraou.com\/de\/wp-json\/wp\/v2\/pages\/1979\/revisions"}],"predecessor-version":[{"id":2315,"href":"https:\/\/domainedetrestraou.com\/de\/wp-json\/wp\/v2\/pages\/1979\/revisions\/2315"}],"wp:attachment":[{"href":"https:\/\/domainedetrestraou.com\/de\/wp-json\/wp\/v2\/media?parent=1979"}],"curies":[{"name":"wp","href":"https:\/\/api.w.org\/{rel}","templated":true}]}}